{"id":921,"date":"2021-11-08T09:56:43","date_gmt":"2021-11-08T07:56:43","guid":{"rendered":"https:\/\/uvzrt.hu\/?page_id=921"},"modified":"2021-11-08T09:56:44","modified_gmt":"2021-11-08T07:56:44","slug":"berbeado-lakasok","status":"publish","type":"page","link":"https:\/\/uvzrt.hu\/index.php\/berbeado-lakasok\/","title":{"rendered":"B\u00e9rbead\u00f3 Lak\u00e1sok"},"content":{"rendered":"<div id=\"wppb-builder-container\" class=\"wppb-builder-container\">                <div  class=\"wppb-row-parent  wppb-row-1623399771433 \"  >\n\t\t\t\t\t\n\t\t\t\t\t\t\t\t\t\t\n\t\t\t\t\t\t\t\t\t\t\n\t\t\t\t\t<div class=\"wppb-container \">\n\t\t\t\t\t\t\t\t\t\t\t\t\t\n                        <div class=\"wppb-row\">\n\t\t\t\t\t\t\t                                    <div  class=\"wppb-column-parent wppb-column-parent-view wppb-col-1623399771434  \"  >\n                                        <div class=\"wppb-column\">\n\t\t\t\t\t\n\t\t\t\t\t\t\t\t\t\t\t\n                                            <div class=\"wppb-builder-addons\">\n\t\t\t\t\t\t\t\t\t\t\t\t                                            <\/div>\n                                        <\/div>\n                                    <\/div>\n\t\t\t\t\t\t\t\t\t                        <\/div>\n\n                    <\/div>\n                <\/div>\n\t\t\t\t                <div  class=\"wppb-row-parent  wppb-row-1636363838364 \"  >\n\t\t\t\t\t\n\t\t\t\t\t\t\t\t\t\t\n\t\t\t\t\t\t\t\t\t\t\n\t\t\t\t\t<div class=\"wppb-container \">\n\t\t\t\t\t\t\t\t\t\t\t\t\t\n                        <div class=\"wppb-row\">\n\t\t\t\t\t\t\t                                    <div  class=\"wppb-column-parent wppb-column-parent-view wppb-col-1636363838365  \"  >\n                                        <div class=\"wppb-column\">\n\t\t\t\t\t\n\t\t\t\t\t\t\t\t\t\t\t\n                                            <div class=\"wppb-builder-addons\">\n\t\t\t\t\t\t\t\t\t\t\t\t<div class='wppb-builder-addon wppb-addon-1623399771437'  data-addon-id='1623399771437'><div class='wppb-addon'><div class=\"wppb-headline-addon\"><div class=\"wppb-headline-content\"><h2 class=\"wppb-addon-title\">B\u00e9relhet\u0151 lak\u00e1sok<\/h2><\/div><\/div><\/div><\/div>            <div  class=\"wppb-row-parent wppb-inner-row-parent wppb-row-1636363838366 \">\n\t\t\t\n\t\t\t\t\t\t\n\t\t\t\t<div class=\"wppb-container\">\n                    <div class=\"wppb-row\">\n\t\t\t\t\t\t                                <div  class=\"wppb-column-parent wppb-column-parent-view wppb-col-1636363838367  \" >\n                                    <div class=\"wppb-column\">\n                                        <div class=\"wppb-builder-addons\">\n\t\t\t\t\t\t\t\t\t\t\t<div  class='wppb-builder-addon wppb-addon-1636363838368   '   ><div class='wppb-inner_addon'><div class=\"wppb-feature-box-addon\"><div class=\"wppb-feature-box-content\"><h4 class=\"wppb-feature-box-title\">Piaci alap\u00fa lak\u00e1sb\u00e9rl\u00e9s menete<\/h4><div class=\"wppb-feature-box-intro\">\nT\u00e1rsas\u00e1gunkn\u00e1l lehet\u0151s\u00e9g van p\u00e1ly\u00e1zni \u00fcresen \u00e1ll\u00f3 lak\u00e1sra, melyet az www.uvzrt.hu weboldalr\u00f3l is let\u00f6lthet\u0151, Lak\u00f3ingatlan b\u00e9rbev\u00e9tel\u00e9re ir\u00e1nyul\u00f3 <b>sz\u00e1nd\u00e9knyilatkozat<\/b> kit\u00f6lt\u00e9s\u00e9vel, mell\u00e9kletei csatol\u00e1s\u00e1val, eredeti p\u00e9ld\u00e1nyban beadva lehet kezdem\u00e9nyezni.<\/br>\n\nA sz\u00e1nd\u00e9knyilatkozat mell\u00e9 csatolni kell egy j\u00f6vedelem igazol\u00e1st, munk\u00e1ltat\u00f3i igazol\u00e1st, el\u0151z\u0151 \u00e9vi ad\u00f3bevall\u00e1st, vagy NAV null\u00e1s igazol\u00e1st, egy NAV j\u00f6vedelemigazol\u00e1st, illetve az utols\u00f3 2-3 h\u00f3nap banksz\u00e1mla kivonat\u00e1t is. Nyugd\u00edj eset\u00e9n igazol\u00e1s a nyugd\u00edjfoly\u00f3s\u00edt\u00e1sr\u00f3l.<\/br>\n\nHa a nyilatkozat \u00e9s mell\u00e9kletei rendben vannak, \u00e9s pozit\u00edv elb\u00edr\u00e1l\u00e1st kap - amennyiben minden krit\u00e9riumnak megfelel a b\u00e9rl\u0151jel\u00f6lt - a soron k\u00f6vetkez\u0151 lak\u00e1sp\u00e1ly\u00e1zatokr\u00f3l \u00e9rtes\u00edt\u00e9st kap, ahol megtekintheti az adott ingatlant egy el\u0151re jelzett konkr\u00e9t id\u0151pontban. A helysz\u00ednen aj\u00e1nlatt\u00e9teli lapot kap, melyet \u00e1ltal\u00e1ban 5 napon bel\u00fcl kell z\u00e1rt bor\u00edt\u00e9kban leadni T\u00e1rsas\u00e1gunkn\u00e1l.<\/br>\n\nA legjobb aj\u00e1nlatot tev\u0151 b\u00e9rl\u0151jel\u00f6lt kap lehet\u0151s\u00e9get az adott ingatlan b\u00e9rl\u00e9s\u00e9re.\n<\/br>\nT\u00e1j\u00e9koztatjuk, hogy a sz\u00e1nd\u00e9knyilatkozat csak d\u00e1tummal, al\u00e1\u00edr\u00e1ssal, eredeti p\u00e9ld\u00e1nyban \u00e9rv\u00e9nyes.<\/br><\/div><\/div><\/div><\/div><\/div>                                        <\/div>\n                                    <\/div>\n                                <\/div>\n\t\t\t\t\t\t\t\t                                <div  class=\"wppb-column-parent wppb-column-parent-view wppb-col-1636363838369  \" >\n                                    <div class=\"wppb-column\">\n                                        <div class=\"wppb-builder-addons\">\n\t\t\t\t\t\t\t\t\t\t\t<div  class='wppb-builder-addon wppb-addon-1636363838370   '   ><div class='wppb-inner_addon'><div class=\"wppb-addon wppb-button-addon\"><div class=\"wppb-button-addon-content\"><a rel=nofolow href=\"https:\/\/uvzrt.hu\/wp-content\/uploads\/2022\/01\/berbeveteli_lakasnyilatkozat22.pdf\" target=_blank class=\"wppb-btn-addons  wppb-btn-custom wppb-btn-rounded wppb-btn-custom wppb-btn-full-no\"><i class=\"far fa-file-pdf\"><\/i> Nyomtatv\u00e1ny<\/a><\/div><\/div><\/div><\/div>                                        <\/div>\n                                    <\/div>\n                                <\/div>\n\t\t\t\t\t\t\t\t                    <\/div>\n                <\/div>\n            <\/div>\n\t\t\t                                            <\/div>\n                                        <\/div>\n                                    <\/div>\n\t\t\t\t\t\t\t\t\t                        <\/div>\n\n                    <\/div>\n                <\/div>\n\t\t\t\t                <div  class=\"wppb-row-parent  wppb-row-1642155074146 \"  >\n\t\t\t\t\t\n\t\t\t\t\t\t\t\t\t\t\n\t\t\t\t\t\t\t\t\t\t\n\t\t\t\t\t<div class=\"wppb-container \">\n\t\t\t\t\t\t\t\t\t\t\t\t\t\n                        <div class=\"wppb-row\">\n\t\t\t\t\t\t\t                                    <div  class=\"wppb-column-parent wppb-column-parent-view wppb-col-1642155074145  \"  >\n                                        <div class=\"wppb-column\">\n\t\t\t\t\t\n\t\t\t\t\t\t\t\t\t\t\t\n                                            <div class=\"wppb-builder-addons\">\n\t\t\t\t\t\t\t\t\t\t\t\t                                            <\/div>\n                                        <\/div>\n                                    <\/div>\n\t\t\t\t\t\t\t\t\t                        <\/div>\n\n                    <\/div>\n                <\/div>\n\t\t\t\t                <div  class=\"wppb-row-parent  wppb-row-1623399771448 \"  >\n\t\t\t\t\t\n\t\t\t\t\t\t\t\t\t\t\n\t\t\t\t\t\t\t\t\t\t\n\t\t\t\t\t<div class=\"wppb-container \">\n\t\t\t\t\t\t\t\t\t\t\t\t\t\n                        <div class=\"wppb-row\">\n\t\t\t\t\t\t\t                                    <div  class=\"wppb-column-parent wppb-column-parent-view wppb-col-1623399771449  \"  >\n                                        <div class=\"wppb-column\">\n\t\t\t\t\t\n\t\t\t\t\t\t\t\t\t\t\t\n                                            <div class=\"wppb-builder-addons\">\n\t\t\t\t\t\t\t\t\t\t\t\t<div class='wppb-builder-addon wppb-addon-1623399771450'  data-addon-id='1623399771450'><div class='wppb-addon'><div class=\"wppb-feature-box-addon\"><div class=\"wppb-feature-box-content\"><h3 class=\"wppb-feature-box-title\">Keresse:<\/h3><h4 class=\"wppb-feature-box-subtitle\">B\u00e9res Di\u00e1na<\/h4><div class=\"wppb-feature-box-intro\">+36 30 400 9963<\/Br>\nberes.diana@uvzrt.hu<\/div><\/div><\/div><\/div><\/div>                                            <\/div>\n                                        <\/div>\n                                    <\/div>\n\t\t\t\t\t\t\t\t\t                        <\/div>\n\n                    <\/div>\n                <\/div>\n\t\t\t\t                <div  class=\"wppb-row-parent  wppb-row-1644579120996 \"  >\n\t\t\t\t\t\n\t\t\t\t\t\t\t\t\t\t\n\t\t\t\t\t\t\t\t\t\t\n\t\t\t\t\t<div class=\"wppb-container \">\n\t\t\t\t\t\t\t\t\t\t\t\t\t\n                        <div class=\"wppb-row\">\n\t\t\t\t\t\t\t                                    <div  class=\"wppb-column-parent wppb-column-parent-view wppb-col-1644579120997  \"  >\n                                        <div class=\"wppb-column\">\n\t\t\t\t\t\n\t\t\t\t\t\t\t\t\t\t\t\n                                            <div class=\"wppb-builder-addons\">\n\t\t\t\t\t\t\t\t\t\t\t\t                                            <\/div>\n                                        <\/div>\n                                    <\/div>\n\t\t\t\t\t\t\t\t\t                        <\/div>\n\n                    <\/div>\n                <\/div>\n\t\t\t\t<\/div>","protected":false},"excerpt":{"rendered":"<p>B\u00e9relhet\u0151 lak\u00e1sok Piaci alap\u00fa lak\u00e1sb\u00e9rl\u00e9s menete T\u00e1rsas\u00e1gunkn\u00e1l lehet\u0151s\u00e9g van p\u00e1ly\u00e1zni \u00fcresen \u00e1ll\u00f3 lak\u00e1sra, melyet az www.uvzrt.hu weboldalr\u00f3l is let\u00f6lthet\u0151, Lak\u00f3ingatlan b\u00e9rbev\u00e9tel\u00e9re ir\u00e1nyul\u00f3 sz\u00e1nd\u00e9knyilatkozat kit\u00f6lt\u00e9s\u00e9vel, mell\u00e9kletei csatol\u00e1s\u00e1val, eredeti p\u00e9ld\u00e1nyban beadva lehet kezdem\u00e9nyezni. A sz\u00e1nd\u00e9knyilatkozat mell\u00e9 csatolni kell egy j\u00f6vedelem igazol\u00e1st, munk\u00e1ltat\u00f3i igazol\u00e1st, el\u0151z\u0151 \u00e9vi ad\u00f3bevall\u00e1st, vagy NAV null\u00e1s igazol\u00e1st, egy NAV j\u00f6vedelemigazol\u00e1st, illetve az utols\u00f3 2-3 [&hellip;]<\/p>\n","protected":false},"author":1,"featured_media":0,"parent":0,"menu_order":0,"comment_status":"closed","ping_status":"closed","template":"","meta":{"footnotes":""},"class_list":["post-921","page","type-page","status-publish","hentry"],"_links":{"self":[{"href":"https:\/\/uvzrt.hu\/index.php\/wp-json\/wp\/v2\/pages\/921","targetHints":{"allow":["GET"]}}],"collection":[{"href":"https:\/\/uvzrt.hu\/index.php\/wp-json\/wp\/v2\/pages"}],"about":[{"href":"https:\/\/uvzrt.hu\/index.php\/wp-json\/wp\/v2\/types\/page"}],"author":[{"embeddable":true,"href":"https:\/\/uvzrt.hu\/index.php\/wp-json\/wp\/v2\/users\/1"}],"replies":[{"embeddable":true,"href":"https:\/\/uvzrt.hu\/index.php\/wp-json\/wp\/v2\/comments?post=921"}],"version-history":[{"count":1,"href":"https:\/\/uvzrt.hu\/index.php\/wp-json\/wp\/v2\/pages\/921\/revisions"}],"predecessor-version":[{"id":923,"href":"https:\/\/uvzrt.hu\/index.php\/wp-json\/wp\/v2\/pages\/921\/revisions\/923"}],"wp:attachment":[{"href":"https:\/\/uvzrt.hu\/index.php\/wp-json\/wp\/v2\/media?parent=921"}],"curies":[{"name":"wp","href":"https:\/\/api.w.org\/{rel}","templated":true}]}}