{"id":375,"date":"2020-11-02T09:49:05","date_gmt":"2020-11-02T09:49:05","guid":{"rendered":"http:\/\/uvzrt.hu\/?page_id=375"},"modified":"2020-11-30T14:52:33","modified_gmt":"2020-11-30T14:52:33","slug":"allashirdetesek","status":"publish","type":"page","link":"https:\/\/uvzrt.hu\/index.php\/allashirdetesek\/","title":{"rendered":"\u00c1ll\u00e1shirdet\u00e9sek"},"content":{"rendered":"<div id=\"wppb-builder-container\" class=\"wppb-builder-container\">                <div  class=\"wppb-row-parent  wppb-row-1604653979878 \"  >\n\t\t\t\t\t\n\t\t\t\t\t\t\t\t\t\t\n\t\t\t\t\t\t\t\t\t\t\n\t\t\t\t\t<div class=\"wppb-container \">\n\t\t\t\t\t\t\t\t\t\t\t\t\t\n                        <div class=\"wppb-row\">\n\t\t\t\t\t\t\t                                    <div  class=\"wppb-column-parent wppb-column-parent-view wppb-col-1604653979879  \"  >\n                                        <div class=\"wppb-column\">\n\t\t\t\t\t\n\t\t\t\t\t\t\t\t\t\t\t\n                                            <div class=\"wppb-builder-addons\">\n\t\t\t\t\t\t\t\t\t\t\t\t                                            <\/div>\n                                        <\/div>\n                                    <\/div>\n\t\t\t\t\t\t\t\t\t                                    <div  class=\"wppb-column-parent wppb-column-parent-view wppb-col-1604653979881  \"  >\n                                        <div class=\"wppb-column\">\n\t\t\t\t\t\n\t\t\t\t\t\t\t\t\t\t\t\n                                            <div class=\"wppb-builder-addons\">\n\t\t\t\t\t\t\t\t\t\t\t\t                                            <\/div>\n                                        <\/div>\n                                    <\/div>\n\t\t\t\t\t\t\t\t\t                        <\/div>\n\n                    <\/div>\n                <\/div>\n\t\t\t\t                <div  class=\"wppb-row-parent  wppb-row-1604653979908 \"  >\n\t\t\t\t\t\n\t\t\t\t\t\t\t\t\t\t\n\t\t\t\t\t\t\t\t\t\t\n\t\t\t\t\t<div class=\"wppb-container \">\n\t\t\t\t\t\t\t\t\t\t\t\t\t\n                        <div class=\"wppb-row\">\n\t\t\t\t\t\t\t                                    <div  class=\"wppb-column-parent wppb-column-parent-view wppb-col-1604653979909  \"  >\n                                        <div class=\"wppb-column\">\n\t\t\t\t\t\n\t\t\t\t\t\t\t\t\t\t\t\n                                            <div class=\"wppb-builder-addons\">\n\t\t\t\t\t\t\t\t\t\t\t\t<div class='wppb-builder-addon wppb-addon-1604653979911'  data-addon-id='1604653979911'><div class='wppb-addon'><div class=\"wppb-headline-addon\"><div class=\"wppb-headline-content\"><h3 class=\"wppb-addon-title\">\u00c1ll\u00e1shirdet\u00e9s<\/h3><\/div><\/div><\/div><\/div><div class='wppb-builder-addon wppb-addon-1604653979912'  data-addon-id='1604653979912'><div class='wppb-addon'><div class=\"wppb-tab-addon\"><div class=\"wppb-tab-addon-content vertical-tab horizontalleft verticalleft \"><ul class=\"wppb-tab-nav\"><li class=\"wppb-tab-nav-list wppb-nav-left active\" data-tab=\"tab-0600233\"><div class=\"wppb-tab-nav-list-wrap\"><div><i class=\"fas fa-calculator\"><\/i><span class=\"wppb-tab-title-content\">k\u00f6z\u00f6s k\u00e9pvisel\u0151<\/span><\/div><\/div><\/li><li class=\"wppb-tab-nav-list wppb-nav-left \" data-tab=\"tab-1600233\"><div class=\"wppb-tab-nav-list-wrap\"><div><i class=\"fas fa-calculator\"><\/i><span class=\"wppb-tab-title-content\">villamosm\u00e9rn\u00f6k<\/span><\/div><\/div><\/li><\/ul><div class=\"wppb-tab-content-wrap\"><div id=\"tab-0600233\" class=\"wppb-tab-content active\">Az \u00e1ll\u00e1st bet\u00f6lt\u00f6tt\u00e9k\n<\/div><div id=\"tab-1600233\" class=\"wppb-tab-content \"><p>Az \u00e1ll\u00e1st bet\u00f6lt\u00f6tt\u00e9k<\/p><\/div><\/div><\/div><\/div><\/div><\/div>                                            <\/div>\n                                        <\/div>\n                                    <\/div>\n\t\t\t\t\t\t\t\t\t                        <\/div>\n\n                    <\/div>\n                <\/div>\n\t\t\t\t<\/div>","protected":false},"excerpt":{"rendered":"<p>\u00c1ll\u00e1shirdet\u00e9sk\u00f6z\u00f6s k\u00e9pvisel\u0151villamosm\u00e9rn\u00f6kAz \u00e1ll\u00e1st bet\u00f6lt\u00f6tt\u00e9k Az \u00e1ll\u00e1st bet\u00f6lt\u00f6tt\u00e9k<\/p>\n","protected":false},"author":1,"featured_media":0,"parent":0,"menu_order":0,"comment_status":"closed","ping_status":"closed","template":"","meta":{"footnotes":""},"class_list":["post-375","page","type-page","status-publish","hentry"],"_links":{"self":[{"href":"https:\/\/uvzrt.hu\/index.php\/wp-json\/wp\/v2\/pages\/375","targetHints":{"allow":["GET"]}}],"collection":[{"href":"https:\/\/uvzrt.hu\/index.php\/wp-json\/wp\/v2\/pages"}],"about":[{"href":"https:\/\/uvzrt.hu\/index.php\/wp-json\/wp\/v2\/types\/page"}],"author":[{"embeddable":true,"href":"https:\/\/uvzrt.hu\/index.php\/wp-json\/wp\/v2\/users\/1"}],"replies":[{"embeddable":true,"href":"https:\/\/uvzrt.hu\/index.php\/wp-json\/wp\/v2\/comments?post=375"}],"version-history":[{"count":1,"href":"https:\/\/uvzrt.hu\/index.php\/wp-json\/wp\/v2\/pages\/375\/revisions"}],"predecessor-version":[{"id":377,"href":"https:\/\/uvzrt.hu\/index.php\/wp-json\/wp\/v2\/pages\/375\/revisions\/377"}],"wp:attachment":[{"href":"https:\/\/uvzrt.hu\/index.php\/wp-json\/wp\/v2\/media?parent=375"}],"curies":[{"name":"wp","href":"https:\/\/api.w.org\/{rel}","templated":true}]}}