{"id":329,"date":"2020-08-24T06:33:11","date_gmt":"2020-08-24T06:33:11","guid":{"rendered":"http:\/\/uvzrt.hu\/?page_id=329"},"modified":"2020-11-30T14:51:07","modified_gmt":"2020-11-30T14:51:07","slug":"adatvedelmi-iranyelvek","status":"publish","type":"page","link":"https:\/\/uvzrt.hu\/index.php\/adatvedelmi-iranyelvek\/","title":{"rendered":"Adatv\u00e9delmi ir\u00e1nyelvek"},"content":{"rendered":"<div id=\"wppb-builder-container\" class=\"wppb-builder-container\">                <div  class=\"wppb-row-parent \"  >\n\t\t\t\t\t\n\t\t\t\t\t\t\t\t\t\t\n\t\t\t\t\t\t\t\t\t\t\n\t\t\t\t\t<div class=\"wppb-container  wppb-row-1634640889418  wppb-container-row-default\">\n\t\t\t\t\t\t\t\t\t\t\t\t\t\n                        <div class=\"wppb-row\">\n\t\t\t\t\t\t\t                                    <div  class=\"wppb-column-parent wppb-column-parent-view wppb-col-1634640889419  \"  >\n                                        <div class=\"wppb-column\">\n\t\t\t\t\t\n\t\t\t\t\t\t\t\t\t\t\t\n                                            <div class=\"wppb-builder-addons\">\n\t\t\t\t\t\t\t\t\t\t\t\t<div class='wppb-builder-addon wppb-addon-1634640889420'  data-addon-id='1634640889420'><div class='wppb-addon'><div class=\"wppb-headline-addon\"><div class=\"wppb-headline-content\"><h2 class=\"wppb-addon-title\">Az UV Zrt., mint adatkezel\u0151 adatv\u00e9delmi tisztvisel\u0151je a <b>K\u00f6zinformatika K\u00f6zigazgat\u00e1si Informatikai Szolg\u00e1ltat\u00f3 K\u00f6zpont Nonprofit Korl\u00e1tolt Felel\u0151ss\u00e9g\u0171 T\u00e1rsas\u00e1g<\/br><\/b>\nR\u00f6vid\u00edtett c\u00e9gn\u00e9v: <b>K\u00f6zinformatika Nonprofit Kft.<\/br><\/b>\n\nLevelez\u00e9si c\u00edm: <b>1205 Budapest, Miksz\u00e1th u. 69.<\/br><\/b>\nE-mail c\u00edm: <b> <a href=\"mailto:dpo@kozinformatika.hu\">dpo@kozinformatika.hu<\/a><\/b><\/br><\/h2><\/div><\/div><\/div><\/div>                                            <\/div>\n                                        <\/div>\n                                    <\/div>\n\t\t\t\t\t\t\t\t\t                        <\/div>\n\n                    <\/div>\n                <\/div>\n\t\t\t\t                <div  class=\"wppb-row-parent  wppb-row-1624008037204 \"  >\n\t\t\t\t\t\n\t\t\t\t\t\t\t\t\t\t\n\t\t\t\t\t\t\t\t\t\t\n\t\t\t\t\t<div class=\"wppb-container \">\n\t\t\t\t\t\t\t\t\t\t\t\t\t\n                        <div class=\"wppb-row\">\n\t\t\t\t\t\t\t                                    <div  class=\"wppb-column-parent wppb-column-parent-view wppb-col-1624008037203  \"  >\n                                        <div class=\"wppb-column\">\n\t\t\t\t\t\n\t\t\t\t\t\t\t\t\t\t\t\n                                            <div class=\"wppb-builder-addons\">\n\t\t\t\t\t\t\t\t\t\t\t\t<div class='wppb-builder-addon wppb-addon-1624008249868'  data-addon-id='1624008249868'><div class='wppb-addon'><div class=\"wppb-text-block-addon\"><div class=\"wppb-text-block-content 0\"><p><strong>UV Zrt. adatv\u00e9delmi \u00e9s adatkezel\u00e9si szab\u00e1lyzatok:<\/strong><\/p><p><a href=\"https:\/\/uvzrt.hu\/wp-content\/uploads\/2025\/10\/Adatvedelmi-es-adatkezelesi-szabalyzat_2025.10.01-tol.pdf\">UV Adatv\u00e9delmi \u00e9s Adatkezel\u00e9si szab\u00e1lyzat<\/a><\/p><p><a href=\"https:\/\/uvzrt.hu\/wp-content\/uploads\/2025\/10\/Foglalkoztatottak-Adatvedelmi-es-Adatkezelesi-Szabalyzat_UV-Zrt-2025.10.01-tol.pdf\">UV Foglalkoztatottak Adatv\u00e9delmi \u00e9s Adatkezel\u00e9si szab\u00e1lyzat<\/a><\/p><p><a href=\"https:\/\/uvzrt.hu\/wp-content\/uploads\/2025\/10\/Kamera-szabalyzat_2025.10.01-tol.pdf\">UV kamera szab\u00e1lyzat<\/a><\/p><hr \/><p><strong>UV Zrt. adatkezel\u00e9si t\u00e1j\u00e9koztat\u00f3k:<\/strong><\/p><p><a href=\"https:\/\/uvzrt.hu\/wp-content\/uploads\/2025\/12\/Adatkezelesi-Tajekoztato-Telefonos-Ugyfelszolgalat-2025.pdf\">Adatkezel\u00e9si t\u00e1j\u00e9koztat\u00f3 telefonos hangr\u00f6gz\u00edt\u00e9shez kapcsol\u00f3d\u00f3 adatkezel\u00e9shez<\/a><\/p><p><a href=\"https:\/\/uvzrt.hu\/wp-content\/uploads\/2025\/10\/Adatkezelesi-Tajekoztato_Facebook_2025v2.pdf\">Adatkezel\u00e9si t\u00e1j\u00e9koztat\u00f3 az UV Zrt. Facebook oldalaihoz kapcsol\u00f3d\u00f3 adatkezel\u00e9shez<\/a><\/p><p><a href=\"https:\/\/uvzrt.hu\/wp-content\/uploads\/2025\/10\/Adatkezelesi-Tajekoztato-Hirlevel_2025.pdf\">Adatkezel\u00e9si t\u00e1j\u00e9koztat\u00f3 az UV Zrt. h\u00edrlevel\u00e9re t\u00f6rt\u00e9n\u0151 feliratkoz\u00e1shoz kapcsol\u00f3d\u00f3 adatkezel\u00e9shez<\/a><\/p><p><a href=\"https:\/\/uvzrt.hu\/wp-content\/uploads\/2022\/11\/Nyilatkozat-palyazat-adatkezelesehez-2022.pdf\">Nyilatkozat p\u00e1ly\u00e1zat adatkezel\u00e9s\u00e9hez<\/a><\/p><p><a href=\"https:\/\/uvzrt.hu\/wp-content\/uploads\/2022\/11\/Nyilatkozat-az-adatkezeleshez-kapcsolodo-tajekoztato-megimsereserol-2022.pdf\">Nyilatkozat az adatkezel\u00e9shez kapcsol\u00f3d\u00f3 t\u00e1j\u00e9koztat\u00f3 megismer\u00e9s\u00e9r\u0151l<\/a><\/p><p><a href=\"https:\/\/uvzrt.hu\/wp-content\/uploads\/2025\/11\/Adatkezelesi-Tajekoztato-Palyazat-Nem-Lakas-Celu-Ingatlan_2025.pdf\">Adatkezel\u00e9si t\u00e1j\u00e9koztat\u00f3 nem lak\u00e1s c\u00e9lj\u00e1ra szolg\u00e1l\u00f3 helyis\u00e9gek piaci alapon t\u00f6rt\u00e9n\u0151 b\u00e9rbead\u00e1s\u00e1hoz sz\u00fcks\u00e9ges p\u00e1ly\u00e1zaton val\u00f3 r\u00e9szv\u00e9telhez<\/a><\/p><p><a href=\"https:\/\/uvzrt.hu\/wp-content\/uploads\/2025\/11\/Adatkezelesi-Tajekoztato-Palyazat-Lakas_2025.pdf\">Adatkezel\u00e9si t\u00e1j\u00e9koztat\u00f3 lak\u00e1sok piaci alapon t\u00f6rt\u00e9n\u0151 b\u00e9rbead\u00e1s\u00e1hoz sz\u00fcks\u00e9ges p\u00e1ly\u00e1zaton val\u00f3 r\u00e9szv\u00e9telhez<\/a><\/p><p><a href=\"https:\/\/uvzrt.hu\/wp-content\/uploads\/2025\/11\/Adatkezelesi-Tajekoztato-Ujpesti-Piac-es-Vasarcsarnok-Helyisegeinek-Berbeadasahoz-Kapcsolodo-Adatkezeleshez_2025.pdf\">Adatkezel\u00e9si t\u00e1j\u00e9koztat\u00f3 az \u00dajpesti Piac \u00e9s V\u00e1s\u00e1rcsarnok helyis\u00e9geinek b\u00e9rbead\u00e1s\u00e1hoz kapcsol\u00f3d\u00f3 adatkezel\u00e9shez<\/a><\/p><p><a href=\"https:\/\/uvzrt.hu\/wp-content\/uploads\/2025\/11\/Adatkezelesi-Tajekoztato-Nem-Lakas-Celjara-Szolgalo-Ingatlan-Piaci-Berbeadasahoz-Kapcsolodo-Adatkezeleshez_2025.pdf\">Adatkezel\u00e9si t\u00e1j\u00e9koztat\u00f3 nem lak\u00e1s c\u00e9lj\u00e1ra szolg\u00e1l\u00f3 helyis\u00e9gek piaci alapon t\u00f6rt\u00e9n\u0151 b\u00e9rbead\u00e1s\u00e1hoz kapcsol\u00f3d\u00f3 adatkezel\u00e9shez<\/a><\/p><p><a href=\"https:\/\/uvzrt.hu\/wp-content\/uploads\/2025\/11\/Adatkezelesi-Tajekoztato-Piaci-Lakas-Berbeadashoz-Kapcsolodo-Adatkezeleshez_2025.pdf\">Adatkezel\u00e9si t\u00e1j\u00e9koztat\u00f3 lak\u00e1sok piaci alapon t\u00f6rt\u00e9n\u0151 b\u00e9rbead\u00e1s\u00e1hoz kapcsol\u00f3d\u00f3 adatkezel\u00e9shez<\/a><\/p><p><a href=\"https:\/\/uvzrt.hu\/wp-content\/uploads\/2025\/11\/Kameratajekoztato_UVszekhely_2025.pdf\">Adatkezel\u00e9si t\u00e1j\u00e9koztat\u00f3 az UV Zrt. sz\u00e9khely\u00e9n t\u00f6rt\u00e9n\u0151 kamer\u00e1s megfigyel\u00e9shez kapcsol\u00f3d\u00f3 adatkezel\u00e9shez<\/a><\/p><p><a href=\"https:\/\/uvzrt.hu\/wp-content\/uploads\/2025\/12\/Adatkezelesi-Tajekoztato-Behajtasi-Engedely-Keramitos-Parkolo-2025.pdf\">Adatkezel\u00e9si t\u00e1j\u00e9koztat\u00f3 lakoss\u00e1gi behajt\u00e1si enged\u00e9lyhez kapcsol\u00f3d\u00f3 adatkezel\u00e9shez<\/a><\/p><p><a href=\"https:\/\/uvzrt.hu\/wp-content\/uploads\/2025\/11\/Kameratajekoztato_Kontenerraktar_2025.pdf\">Adatkezel\u00e9si t\u00e1j\u00e9koztat\u00f3 az UV Zrt. \u00e1ltal \u00fczemeltetett, 1044 Budapest, F\u00f3ti \u00fat 15. sz\u00e1m alatti Kont\u00e9nerrakt\u00e1r kamer\u00e1s megfigyel\u00e9s\u00e9hez kapcsol\u00f3d\u00f3 adatkezel\u00e9shez<\/a><\/p><p><a href=\"https:\/\/uvzrt.hu\/wp-content\/uploads\/2025\/11\/Adatakezelesi-Tajekoztato-Fizetesi-Kedvezmenyek-Iranti-Kerelmekhez-Kapcsolodo-Adatkezeleshez_2025.pdf\">Adatkezel\u00e9si t\u00e1j\u00e9koztat\u00f3 fizet\u00e9si kedvezm\u00e9nyek ig\u00e9nybev\u00e9tel\u00e9hez kapcsol\u00f3d\u00f3 adatkezel\u00e9shez<\/a><\/p><p><a href=\"https:\/\/uvzrt.hu\/wp-content\/uploads\/2025\/11\/Adatkezelesi-tajekoztato-szamlazas-2025.pdf\">Adatkezel\u00e9si t\u00e1j\u00e9koztat\u00f3 sz\u00e1ml\u00e1z\u00e1s<\/a><\/p><p><a href=\"https:\/\/uvzrt.hu\/wp-content\/uploads\/2025\/12\/Adatkezelesi-Tajekoztato-Weboldal-2025.pdf\">Adatkezel\u00e9si t\u00e1j\u00e9koztat\u00f3 az UV Zrt. \u00e1ltal \u00fczemeltetett weboldalakhoz kapcsol\u00f3d\u00f3 adatkezel\u00e9shez<\/a><\/p><p><a href=\"https:\/\/uvzrt.hu\/wp-content\/uploads\/2025\/12\/Adatkezelesi-Tajekoztato-Egyeni-Fotok-2025.pdf\">Adatkezel\u00e9si t\u00e1j\u00e9koztat\u00f3 az UV Zrt. rendezv\u00e9nyein k\u00e9sz\u00edtett egy\u00e9ni fot\u00f3khoz kapcsol\u00f3d\u00f3 adatkezel\u00e9sekhez<\/a><\/p><p><a href=\"https:\/\/uvzrt.hu\/wp-content\/uploads\/2025\/12\/Adatkezelesi-Tajekoztato-Rendezvenyfotok-2025.pdf\">Adatkezel\u00e9si t\u00e1j\u00e9koztat\u00f3 az UV Zrt. rendezv\u00e9nyein k\u00e9sz\u00edtett rendezv\u00e9ny fot\u00f3khoz kapcsol\u00f3d\u00f3 adatkezel\u00e9sekhez<\/a><\/p><p><a href=\"https:\/\/uvzrt.hu\/wp-content\/uploads\/2025\/12\/Nyilatkozat-foto-es-videofelvetelekrol.pdf\">Nyilatkozat fot\u00f3- \u00e9s vide\u00f3felv\u00e9tel k\u00e9sz\u00edt\u00e9s\u00e9hez \u00e9s k\u00f6zz\u00e9t\u00e9tel\u00e9hez (nagykor\u00fa)<\/a><\/p><p><a href=\"https:\/\/uvzrt.hu\/wp-content\/uploads\/2025\/12\/Nyilatkozat-foto-es-videofelvetelekrol-torvenyes-kepviselok-szamara.pdf\">Nyilatkozat fot\u00f3- \u00e9s vide\u00f3felv\u00e9tel k\u00e9sz\u00edt\u00e9s\u00e9hez \u00e9s k\u00f6zz\u00e9t\u00e9tel\u00e9hez (kiskor\u00fa t\u00f6rv\u00e9nyes k\u00e9pvisel\u0151je)<\/a><\/p><p><a href=\"https:\/\/uvzrt.hu\/wp-content\/uploads\/2025\/11\/Adatkezelesi-Tajekoztato-Szerzodesek-Maganszemely-Kapcsolattartok_2025.pdf\">UV adatkezel\u00e9si t\u00e1j\u00e9koztat\u00f3 szerz\u0151d\u00e9sek, kapcsolattart\u00f3k<\/a><\/p><p><a href=\"https:\/\/uvzrt.hu\/wp-content\/uploads\/2025\/11\/Kameratajekoztato_Tarzan_park_2025.pdf\">Adatkezel\u00e9si t\u00e1j\u00e9koztat\u00f3 a Tarzan Parkban t\u00f6rt\u00e9n\u0151 kamer\u00e1s megfigyel\u00e9shez kapcsol\u00f3d\u00f3 adatkezel\u00e9shez<\/a><\/p><p><a href=\"https:\/\/uvzrt.hu\/wp-content\/uploads\/2025\/11\/Kameratajekoztato_Halassy-Uszoda_2025.pdf\">Adatkezel\u00e9si t\u00e1j\u00e9koztat\u00f3 a Halassy Oliv\u00e9r V\u00e1rosi Uszod\u00e1ban t\u00f6rt\u00e9n\u0151 kamer\u00e1s megfigyel\u00e9shez kapcsol\u00f3d\u00f3 adatkezel\u00e9shez<\/a><\/p><p><a href=\"https:\/\/uvzrt.hu\/wp-content\/uploads\/2025\/11\/Kameratajekoztato_Ujpesti_Szakorvosi_Rendelointezet_2025.pdf\">Adatkezel\u00e9si t\u00e1j\u00e9koztat\u00f3 az \u00dajpesti Szakorvosi Rendel\u0151int\u00e9zetben t\u00f6rt\u00e9n\u0151 kamer\u00e1s megfigyel\u00e9shez kapcsol\u00f3d\u00f3 adatkezel\u00e9shez<\/a><\/p><hr \/><p><strong>\u00dajpesti Piac \u00e9s V\u00e1s\u00e1rcsarnok Kft. - adatv\u00e9delmi \u00e9s adatkezel\u00e9si szab\u00e1lyzatok:<\/strong><\/p><p><a href=\"https:\/\/uvzrt.hu\/wp-content\/uploads\/2022\/11\/Ujpesti-Piac-kamera-szabalyzat-20201125.pdf\">\u00dajpesti Piac \u00e9s V\u00e1s\u00e1rcsarnok kameraszab\u00e1lyzata<\/a><\/p><p><a href=\"https:\/\/uvzrt.hu\/wp-content\/uploads\/2022\/11\/Ujpesti-Piac-adatvedelmi-es-adatkezelesi-szabalyzat-20201125.pdf\">\u00dajpesti Piac \u00e9s V\u00e1s\u00e1rcsarnok adatv\u00e9delmi \u00e9s adatkezel\u00e9si szab\u00e1lyzata<\/a><\/p><\/div><\/div><\/div><\/div>                                            <\/div>\n                                        <\/div>\n                                    <\/div>\n\t\t\t\t\t\t\t\t\t                        <\/div>\n\n                    <\/div>\n                <\/div>\n\t\t\t\t<\/div>","protected":false},"excerpt":{"rendered":"<p>Az UV Zrt., mint adatkezel\u0151 adatv\u00e9delmi tisztvisel\u0151je a K\u00f6zinformatika K\u00f6zigazgat\u00e1si Informatikai Szolg\u00e1ltat\u00f3 K\u00f6zpont Nonprofit Korl\u00e1tolt Felel\u0151ss\u00e9g\u0171 T\u00e1rsas\u00e1g R\u00f6vid\u00edtett c\u00e9gn\u00e9v: K\u00f6zinformatika Nonprofit Kft. Levelez\u00e9si c\u00edm: 1205 Budapest, Miksz\u00e1th u. 69. E-mail c\u00edm: dpo@kozinformatika.hu UV Zrt. adatv\u00e9delmi \u00e9s adatkezel\u00e9si szab\u00e1lyzatok:UV Adatv\u00e9delmi \u00e9s Adatkezel\u00e9si szab\u00e1lyzatUV Foglalkoztatottak Adatv\u00e9delmi \u00e9s Adatkezel\u00e9si szab\u00e1lyzatUV kamera szab\u00e1lyzatUV Zrt. adatkezel\u00e9si t\u00e1j\u00e9koztat\u00f3k:Adatkezel\u00e9si t\u00e1j\u00e9koztat\u00f3 telefonos hangr\u00f6gz\u00edt\u00e9shez [&hellip;]<\/p>\n","protected":false},"author":1,"featured_media":0,"parent":0,"menu_order":0,"comment_status":"closed","ping_status":"closed","template":"","meta":{"footnotes":""},"class_list":["post-329","page","type-page","status-publish","hentry"],"_links":{"self":[{"href":"https:\/\/uvzrt.hu\/index.php\/wp-json\/wp\/v2\/pages\/329","targetHints":{"allow":["GET"]}}],"collection":[{"href":"https:\/\/uvzrt.hu\/index.php\/wp-json\/wp\/v2\/pages"}],"about":[{"href":"https:\/\/uvzrt.hu\/index.php\/wp-json\/wp\/v2\/types\/page"}],"author":[{"embeddable":true,"href":"https:\/\/uvzrt.hu\/index.php\/wp-json\/wp\/v2\/users\/1"}],"replies":[{"embeddable":true,"href":"https:\/\/uvzrt.hu\/index.php\/wp-json\/wp\/v2\/comments?post=329"}],"version-history":[{"count":1,"href":"https:\/\/uvzrt.hu\/index.php\/wp-json\/wp\/v2\/pages\/329\/revisions"}],"predecessor-version":[{"id":331,"href":"https:\/\/uvzrt.hu\/index.php\/wp-json\/wp\/v2\/pages\/329\/revisions\/331"}],"wp:attachment":[{"href":"https:\/\/uvzrt.hu\/index.php\/wp-json\/wp\/v2\/media?parent=329"}],"curies":[{"name":"wp","href":"https:\/\/api.w.org\/{rel}","templated":true}]}}