{"id":280,"date":"2020-08-03T07:22:14","date_gmt":"2020-08-03T07:22:14","guid":{"rendered":"http:\/\/uvzrt.hu\/?page_id=280"},"modified":"2020-11-30T14:55:06","modified_gmt":"2020-11-30T14:55:06","slug":"testuletek","status":"publish","type":"page","link":"https:\/\/uvzrt.hu\/index.php\/testuletek\/","title":{"rendered":"Test\u00fcletek"},"content":{"rendered":"<div id=\"wppb-builder-container\" class=\"wppb-builder-container\">                <div  class=\"wppb-row-parent  wppb-row-1596446189240 \"  >\n\t\t\t\t\t\n\t\t\t\t\t\t\t\t\t\t\n\t\t\t\t\t\t\t\t\t\t\n\t\t\t\t\t<div class=\"wppb-container \">\n\t\t\t\t\t\t\t\t\t\t\t\t\t\n                        <div class=\"wppb-row\">\n\t\t\t\t\t\t\t                                    <div  class=\"wppb-column-parent wppb-column-parent-view wppb-col-1596446189241  \"  >\n                                        <div class=\"wppb-column\">\n\t\t\t\t\t\n\t\t\t\t\t\t\t\t\t\t\t\n                                            <div class=\"wppb-builder-addons\">\n\t\t\t\t\t\t\t\t\t\t\t\t<div class='wppb-builder-addon wppb-addon-1596446189242'  data-addon-id='1596446189242'><div class='wppb-addon'><div class=\"wppb-headline-addon\"><div class=\"wppb-headline-content\"><h2 class=\"wppb-addon-title\"><strong>A<\/strong> O<\/h2><\/div><\/div><\/div><\/div>                                            <\/div>\n                                        <\/div>\n                                    <\/div>\n\t\t\t\t\t\t\t\t\t                                    <div  class=\"wppb-column-parent wppb-column-parent-view wppb-col-1596446189243  \"  >\n                                        <div class=\"wppb-column\">\n\t\t\t\t\t\n\t\t\t\t\t\t\t\t\t\t\t\n                                            <div class=\"wppb-builder-addons\">\n\t\t\t\t\t\t\t\t\t\t\t\t                                            <\/div>\n                                        <\/div>\n                                    <\/div>\n\t\t\t\t\t\t\t\t\t                        <\/div>\n\n                    <\/div>\n                <\/div>\n\t\t\t\t                <div  class=\"wppb-row-parent  wppb-row-1603805310243 \"  >\n\t\t\t\t\t\n\t\t\t\t\t\t\t\t\t\t\n\t\t\t\t\t\t\t\t\t\t\n\t\t\t\t\t<div class=\"wppb-container \">\n\t\t\t\t\t\t\t\t\t\t\t\t\t\n                        <div class=\"wppb-row\">\n\t\t\t\t\t\t\t                                    <div  class=\"wppb-column-parent wppb-column-parent-view wppb-col-1603805310242  \"  >\n                                        <div class=\"wppb-column\">\n\t\t\t\t\t\n\t\t\t\t\t\t\t\t\t\t\t\n                                            <div class=\"wppb-builder-addons\">\n\t\t\t\t\t\t\t\t\t\t\t\t                                            <\/div>\n                                        <\/div>\n                                    <\/div>\n\t\t\t\t\t\t\t\t\t                        <\/div>\n\n                    <\/div>\n                <\/div>\n\t\t\t\t                <div  class=\"wppb-row-parent  wppb-row-1697093686960 \"  >\n\t\t\t\t\t\n\t\t\t\t\t\t\t\t\t\t\n\t\t\t\t\t\t\t\t\t\t\n\t\t\t\t\t<div class=\"wppb-container \">\n\t\t\t\t\t\t\t\t\t\t\t\t\t\n                        <div class=\"wppb-row\">\n\t\t\t\t\t\t\t                                    <div  class=\"wppb-column-parent wppb-column-parent-view wppb-col-1697093686958  \"  >\n                                        <div class=\"wppb-column\">\n\t\t\t\t\t\n\t\t\t\t\t\t\t\t\t\t\t\n                                            <div class=\"wppb-builder-addons\">\n\t\t\t\t\t\t\t\t\t\t\t\t<div class='wppb-builder-addon wppb-addon-1697093687039'  data-addon-id='1697093687039'><div class='wppb-addon'><div class=\"wppb-headline-addon\"><div class=\"wppb-headline-content\"><h2 class=\"wppb-addon-title\">Test\u00fcletek\n<\/h2><\/div><\/div><\/div><\/div><div class='wppb-builder-addon wppb-addon-1697093687086'  data-addon-id='1697093687086'><div class='wppb-addon'><div class=\"wppb-text-block-addon\"><\/div><\/div><\/div><div class='wppb-builder-addon wppb-addon-1697093687042'  data-addon-id='1697093687042'><div class='wppb-addon'><div class=\"wppb-headline-addon\"><div class=\"wppb-headline-content\"><h2 class=\"wppb-addon-title\">Igazgat\u00f3s\u00e1g<\/h2><\/div><\/div><\/div><\/div><div class='wppb-builder-addon wppb-addon-1697094688888'  data-addon-id='1697094688888'><div class='wppb-addon'><div class=\"wppb-table-addon\"><div class=\"wppb-table-addon-content\"><div class=\"wppb-table-items\"><table class=\"wppb-table-item-wrap\"><thead class=\"wppb-table-item-head\"><tr class=\"wppb-table-item repeater-0\"><th class=\"wppb-table-title-wrap repeater-0\"><div class=\"wppb-table-title\">eln\u00f6k<\/div><\/th><th class=\"wppb-table-title-wrap repeater-1\"><div class=\"wppb-table-title\">el\u00e9rhet\u0151s\u00e9ge:<\/div><\/th><th class=\"wppb-table-title-wrap repeater-2\"><div class=\"wppb-table-title\">Tiszts\u00e9g id\u0151tartalma:<\/div><\/th><\/tr><\/thead><tbody class=\"wppb-table-item-body\"><tr class=\"wppb-table-item repeater-1\"><td class=\"wppb-table-title-wrap repeater-0\"><div class=\"wppb-table-title\">Dr. Gonda P\u00e1l<\/div><\/td><td class=\"wppb-table-title-wrap repeater-1\"><div class=\"wppb-table-title\">gonda.pal@uvzrt.hu<\/div><\/td><td class=\"wppb-table-title-wrap repeater-2\"><div class=\"wppb-table-title\">2024.11.01 - 2029.10.31.<\/div><\/td><\/tr><tr class=\"wppb-table-item repeater-2\"><td class=\"wppb-table-title-wrap repeater-0\"><div class=\"wppb-table-title\">tagok:<\/div><\/td><td class=\"wppb-table-title-wrap repeater-1\"><div class=\"wppb-table-title\">el\u00e9rhet\u0151s\u00e9g\u00fck:<\/div><\/td><td class=\"wppb-table-title-wrap repeater-2\"><div class=\"wppb-table-title\">Tiszts\u00e9g id\u0151tartalma:<\/div><\/td><\/tr><tr class=\"wppb-table-item repeater-3\"><td class=\"wppb-table-title-wrap repeater-0\"><div class=\"wppb-table-title\">Bajor D\u00e1vid<\/div><\/td><td class=\"wppb-table-title-wrap repeater-1\"><div class=\"wppb-table-title\">bajor.david@uvzrt.hu<\/div><\/td><td class=\"wppb-table-title-wrap repeater-2\"><div class=\"wppb-table-title\">2024.11.01 - 2029.10.31.<\/div><\/td><\/tr><tr class=\"wppb-table-item repeater-4\"><td class=\"wppb-table-title-wrap repeater-0\"><div class=\"wppb-table-title\">Kazup Attila<\/div><\/td><td class=\"wppb-table-title-wrap repeater-1\"><div class=\"wppb-table-title\">kazup.attila@uvzrt.hu<\/div><\/td><td class=\"wppb-table-title-wrap repeater-2\"><div class=\"wppb-table-title\">2024.11.01 - 2029.10.31.<\/div><\/td><\/tr><tr class=\"wppb-table-item repeater-5\"><td class=\"wppb-table-title-wrap repeater-0\"><div class=\"wppb-table-title\">Nagy Istv\u00e1n<\/div><\/td><td class=\"wppb-table-title-wrap repeater-1\"><div class=\"wppb-table-title\">nagy.istvan@uvzrt.hu<\/div><\/td><td class=\"wppb-table-title-wrap repeater-2\"><div class=\"wppb-table-title\">2024.11.01 - 2029.10.31.<\/div><\/td><\/tr><tr class=\"wppb-table-item repeater-6\"><td class=\"wppb-table-title-wrap repeater-0\"><div class=\"wppb-table-title\">Sipos Imre<\/div><\/td><td class=\"wppb-table-title-wrap repeater-1\"><div class=\"wppb-table-title\">sipos.imre@uvzrt.hu<\/div><\/td><td class=\"wppb-table-title-wrap repeater-2\"><div class=\"wppb-table-title\">2024.11.01 - 2029.10.31.<\/div><\/td><\/tr><\/tbody><\/table><\/div><\/div><\/div><\/div><\/div><div class='wppb-builder-addon wppb-addon-1697094919905'  data-addon-id='1697094919905'><div class='wppb-addon'><div class=\"wppb-text-block-addon\"><\/div><\/div><\/div><div class='wppb-builder-addon wppb-addon-1697093687083'  data-addon-id='1697093687083'><div class='wppb-addon'><div class=\"wppb-headline-addon\"><div class=\"wppb-headline-content\"><h2 class=\"wppb-addon-title\">Fel\u00fcgyel\u0151 Bizotts\u00e1g<\/h2><\/div><\/div><\/div><\/div><div class='wppb-builder-addon wppb-addon-1697093687711'  data-addon-id='1697093687711'><div class='wppb-addon'><div class=\"wppb-table-addon\"><div class=\"wppb-table-addon-content\"><div class=\"wppb-table-items\"><table class=\"wppb-table-item-wrap\"><thead class=\"wppb-table-item-head\"><tr class=\"wppb-table-item repeater-0\"><th class=\"wppb-table-title-wrap repeater-0\"><div class=\"wppb-table-title\">eln\u00f6k<\/div><\/th><th class=\"wppb-table-title-wrap repeater-1\"><div class=\"wppb-table-title\">el\u00e9rhet\u0151s\u00e9ge:<\/div><\/th><th class=\"wppb-table-title-wrap repeater-2\"><div class=\"wppb-table-title\">Tiszts\u00e9g id\u0151tartalma:<\/div><\/th><\/tr><\/thead><tbody class=\"wppb-table-item-body\"><tr class=\"wppb-table-item repeater-1\"><td class=\"wppb-table-title-wrap repeater-0\"><div class=\"wppb-table-title\">Vars\u00e1nyi \u00c1ron<\/div><\/td><td class=\"wppb-table-title-wrap repeater-1\"><div class=\"wppb-table-title\">varsanyi.aron@uvzrt.hu<\/div><\/td><td class=\"wppb-table-title-wrap repeater-2\"><div class=\"wppb-table-title\">2024.11.15 - 2029.10.31.<\/div><\/td><\/tr><tr class=\"wppb-table-item repeater-2\"><td class=\"wppb-table-title-wrap repeater-0\"><div class=\"wppb-table-title\">tagok:<\/div><\/td><td class=\"wppb-table-title-wrap repeater-1\"><div class=\"wppb-table-title\">el\u00e9rhet\u0151s\u00e9g\u00fck:<\/div><\/td><td class=\"wppb-table-title-wrap repeater-2\"><div class=\"wppb-table-title\">Tiszts\u00e9g id\u0151tartalma:<\/div><\/td><\/tr><tr class=\"wppb-table-item repeater-3\"><td class=\"wppb-table-title-wrap repeater-0\"><div class=\"wppb-table-title\">Farkas P\u00e9ter<\/div><\/td><td class=\"wppb-table-title-wrap repeater-1\"><div class=\"wppb-table-title\">farkas.peter@uvzrt.hu<\/div><\/td><td class=\"wppb-table-title-wrap repeater-2\"><div class=\"wppb-table-title\">2024.11.01 - 2029.10.31.<\/div><\/td><\/tr><tr class=\"wppb-table-item repeater-4\"><td class=\"wppb-table-title-wrap repeater-0\"><div class=\"wppb-table-title\">Hlav\u00e1cs \u00c1rp\u00e1d<\/div><\/td><td class=\"wppb-table-title-wrap repeater-1\"><div class=\"wppb-table-title\">hlavacs.arpad@uvzrt.hu<\/div><\/td><td class=\"wppb-table-title-wrap repeater-2\"><div class=\"wppb-table-title\">2024.11.01 - 2029.10.31.<\/div><\/td><\/tr><tr class=\"wppb-table-item repeater-5\"><td class=\"wppb-table-title-wrap repeater-0\"><div class=\"wppb-table-title\">dr. Kat\u00f3 Bal\u00e1zs<\/div><\/td><td class=\"wppb-table-title-wrap repeater-1\"><div class=\"wppb-table-title\">kato.balazs@uvzrt.hu<\/div><\/td><td class=\"wppb-table-title-wrap repeater-2\"><div class=\"wppb-table-title\">2024.11.01 - 2029.10.31.<\/div><\/td><\/tr><tr class=\"wppb-table-item repeater-6\"><td class=\"wppb-table-title-wrap repeater-0\"><div class=\"wppb-table-title\">Juh\u00e1sz L\u00e1szl\u00f3<\/div><\/td><td class=\"wppb-table-title-wrap repeater-1\"><div class=\"wppb-table-title\">juhasz.laszlo@uvzrt.hu<\/div><\/td><td class=\"wppb-table-title-wrap repeater-2\"><div class=\"wppb-table-title\">2025.11.10 - 2029.10.31.<\/div><\/td><\/tr><tr class=\"wppb-table-item repeater-7\"><td class=\"wppb-table-title-wrap repeater-0\"><div class=\"wppb-table-title\">R\u00e1cz Norbert<\/div><\/td><td class=\"wppb-table-title-wrap repeater-1\"><div class=\"wppb-table-title\">racz.norbert@uvzrt.hu<\/div><\/td><td class=\"wppb-table-title-wrap repeater-2\"><div class=\"wppb-table-title\">2025.10.01 - 2029.10.31.<\/div><\/td><\/tr><\/tbody><\/table><\/div><\/div><\/div><\/div><\/div>                                            <\/div>\n                                        <\/div>\n                                    <\/div>\n\t\t\t\t\t\t\t\t\t                                    <div  class=\"wppb-column-parent wppb-column-parent-view wppb-col-1697093686959  \"  >\n                                        <div class=\"wppb-column\">\n\t\t\t\t\t\n\t\t\t\t\t\t\t\t\t\t\t\n                                            <div class=\"wppb-builder-addons\">\n\t\t\t\t\t\t\t\t\t\t\t\t<div class='wppb-builder-addon wppb-addon-1697094708294'  data-addon-id='1697094708294'><div class='wppb-addon'><div class=\"wppb-image-addon\"><figure class=\"wppb-image-addon-content-wrap\"><div class=\"wppb-image-addon-content wppb-imginlineblock\"><img decoding=\"async\" class=\"wppb-image-addon-img\" src=\"https:\/\/uvzrt.hu\/wp-content\/uploads\/2020\/08\/UV_2_3.jpg\" alt=\"Image\"><\/div><\/figure><\/div><\/div><\/div>                                            <\/div>\n                                        <\/div>\n                                    <\/div>\n\t\t\t\t\t\t\t\t\t                        <\/div>\n\n                    <\/div>\n                <\/div>\n\t\t\t\t                <div  class=\"wppb-row-parent \"  >\n\t\t\t\t\t\n\t\t\t\t\t\t\t\t\t\t\n\t\t\t\t\t\t\t\t\t\t\n\t\t\t\t\t<div class=\"wppb-container  wppb-row-1697093687906  wppb-container-row-default\">\n\t\t\t\t\t\t\t\t\t\t\t\t\t\n                        <div class=\"wppb-row\">\n\t\t\t\t\t\t\t                                    <div  class=\"wppb-column-parent wppb-column-parent-view wppb-col-1697093687907  \"  >\n                                        <div class=\"wppb-column\">\n\t\t\t\t\t\n\t\t\t\t\t\t\t\t\t\t\t\n                                            <div class=\"wppb-builder-addons\">\n\t\t\t\t\t\t\t\t\t\t\t\t<div class='wppb-builder-addon wppb-addon-1697093687908'  data-addon-id='1697093687908'><div class='wppb-addon'><div class=\"wppb-headline-addon\"><div class=\"wppb-headline-content\"><h2 class=\"wppb-addon-title\">Az UV Zrt. Fel\u00fcgyel\u0151 Bizotts\u00e1g\u00e1nak hat\u00e1rozatai:<\/h2><\/div><\/div><\/div><\/div><div class='wppb-builder-addon wppb-addon-1697100968490'  data-addon-id='1697100968490'><div class='wppb-addon'><div class=\"wppb-text-block-addon\"><div class=\"wppb-text-block-content 0\"><p><a href=\"https:\/\/uvzrt.hu\/wp-content\/uploads\/2023\/10\/FB_HATAROZATOK_-2023.pdf\">2023. \u00e9vi hat\u00e1rozatok<\/a><\/p><p><a href=\"https:\/\/uvzrt.hu\/wp-content\/uploads\/2023\/10\/FB_HATAROZATOK_-2022.pdf\">2022. \u00e9vi hat\u00e1rozatok<\/a><\/p><\/div><\/div><\/div><\/div>                                            <\/div>\n                                        <\/div>\n                                    <\/div>\n\t\t\t\t\t\t\t\t\t                        <\/div>\n\n                    <\/div>\n                <\/div>\n\t\t\t\t<\/div>","protected":false},"excerpt":{"rendered":"<p>A O Test\u00fcletek Igazgat\u00f3s\u00e1geln\u00f6kel\u00e9rhet\u0151s\u00e9ge:Tiszts\u00e9g id\u0151tartalma:Dr. Gonda P\u00e1lgonda.pal@uvzrt.hu2024.11.01 &#8211; 2029.10.31.tagok:el\u00e9rhet\u0151s\u00e9g\u00fck:Tiszts\u00e9g id\u0151tartalma:Bajor D\u00e1vidbajor.david@uvzrt.hu2024.11.01 &#8211; 2029.10.31.Kazup Attilakazup.attila@uvzrt.hu2024.11.01 &#8211; 2029.10.31.Nagy Istv\u00e1nnagy.istvan@uvzrt.hu2024.11.01 &#8211; 2029.10.31.Sipos Imresipos.imre@uvzrt.hu2024.11.01 &#8211; 2029.10.31.Fel\u00fcgyel\u0151 Bizotts\u00e1geln\u00f6kel\u00e9rhet\u0151s\u00e9ge:Tiszts\u00e9g id\u0151tartalma:Vars\u00e1nyi \u00c1ronvarsanyi.aron@uvzrt.hu2024.11.15 &#8211; 2029.10.31.tagok:el\u00e9rhet\u0151s\u00e9g\u00fck:Tiszts\u00e9g id\u0151tartalma:Farkas P\u00e9terfarkas.peter@uvzrt.hu2024.11.01 &#8211; 2029.10.31.Hlav\u00e1cs \u00c1rp\u00e1dhlavacs.arpad@uvzrt.hu2024.11.01 &#8211; 2029.10.31.dr. Kat\u00f3 Bal\u00e1zskato.balazs@uvzrt.hu2024.11.01 &#8211; 2029.10.31.Juh\u00e1sz L\u00e1szl\u00f3juhasz.laszlo@uvzrt.hu2025.11.10 &#8211; 2029.10.31.R\u00e1cz Norbertracz.norbert@uvzrt.hu2025.10.01 &#8211; 2029.10.31. Az UV Zrt. Fel\u00fcgyel\u0151 Bizotts\u00e1g\u00e1nak hat\u00e1rozatai:2023. \u00e9vi hat\u00e1rozatok2022. \u00e9vi hat\u00e1rozatok<\/p>\n","protected":false},"author":1,"featured_media":0,"parent":0,"menu_order":0,"comment_status":"closed","ping_status":"closed","template":"","meta":{"footnotes":""},"class_list":["post-280","page","type-page","status-publish","hentry"],"_links":{"self":[{"href":"https:\/\/uvzrt.hu\/index.php\/wp-json\/wp\/v2\/pages\/280","targetHints":{"allow":["GET"]}}],"collection":[{"href":"https:\/\/uvzrt.hu\/index.php\/wp-json\/wp\/v2\/pages"}],"about":[{"href":"https:\/\/uvzrt.hu\/index.php\/wp-json\/wp\/v2\/types\/page"}],"author":[{"embeddable":true,"href":"https:\/\/uvzrt.hu\/index.php\/wp-json\/wp\/v2\/users\/1"}],"replies":[{"embeddable":true,"href":"https:\/\/uvzrt.hu\/index.php\/wp-json\/wp\/v2\/comments?post=280"}],"version-history":[{"count":1,"href":"https:\/\/uvzrt.hu\/index.php\/wp-json\/wp\/v2\/pages\/280\/revisions"}],"predecessor-version":[{"id":282,"href":"https:\/\/uvzrt.hu\/index.php\/wp-json\/wp\/v2\/pages\/280\/revisions\/282"}],"wp:attachment":[{"href":"https:\/\/uvzrt.hu\/index.php\/wp-json\/wp\/v2\/media?parent=280"}],"curies":[{"name":"wp","href":"https:\/\/api.w.org\/{rel}","templated":true}]}}