{"id":277,"date":"2020-08-03T07:19:09","date_gmt":"2020-08-03T07:19:09","guid":{"rendered":"http:\/\/uvzrt.hu\/?page_id=277"},"modified":"2020-11-30T14:54:50","modified_gmt":"2020-11-30T14:54:50","slug":"szervezeti-felepites-elerhetosegek","status":"publish","type":"page","link":"https:\/\/uvzrt.hu\/index.php\/szervezeti-felepites-elerhetosegek\/","title":{"rendered":"Szervezeti fel\u00e9p\u00edt\u00e9s, el\u00e9rhet\u0151s\u00e9gek"},"content":{"rendered":"<div id=\"wppb-builder-container\" class=\"wppb-builder-container\">                <div  class=\"wppb-row-parent  wppb-row-1596470014451 \"  >\n\t\t\t\t\t\n\t\t\t\t\t\t\t\t\t\t\n\t\t\t\t\t\t\t\t\t\t\n\t\t\t\t\t<div class=\"wppb-container \">\n\t\t\t\t\t\t\t\t\t\t\t\t\t\n                        <div class=\"wppb-row\">\n\t\t\t\t\t\t\t                                    <div  class=\"wppb-column-parent wppb-column-parent-view wppb-col-1596470014452  \"  >\n                                        <div class=\"wppb-column\">\n\t\t\t\t\t\n\t\t\t\t\t\t\t\t\t\t\t\n                                            <div class=\"wppb-builder-addons\">\n\t\t\t\t\t\t\t\t\t\t\t\t<div class='wppb-builder-addon wppb-addon-1596470014453'  data-addon-id='1596470014453'><div class='wppb-addon'><div class=\"wppb-headline-addon\"><div class=\"wppb-headline-content\"><h2 class=\"wppb-addon-title\">About Us<\/h2><\/div><\/div><\/div><\/div>                                            <\/div>\n                                        <\/div>\n                                    <\/div>\n\t\t\t\t\t\t\t\t\t                        <\/div>\n\n                    <\/div>\n                <\/div>\n\t\t\t\t                <div  class=\"wppb-row-parent  wppb-row-1603702002065 \"  >\n\t\t\t\t\t\n\t\t\t\t\t\t\t\t\t\t\n\t\t\t\t\t\t\t\t\t\t\n\t\t\t\t\t<div class=\"wppb-container \">\n\t\t\t\t\t\t\t\t\t\t\t\t\t\n                        <div class=\"wppb-row\">\n\t\t\t\t\t\t\t                                    <div  class=\"wppb-column-parent wppb-column-parent-view wppb-col-1603702002064  \"  >\n                                        <div class=\"wppb-column\">\n\t\t\t\t\t\n\t\t\t\t\t\t\t\t\t\t\t\n                                            <div class=\"wppb-builder-addons\">\n\t\t\t\t\t\t\t\t\t\t\t\t                                            <\/div>\n                                        <\/div>\n                                    <\/div>\n\t\t\t\t\t\t\t\t\t                        <\/div>\n\n                    <\/div>\n                <\/div>\n\t\t\t\t                <div  class=\"wppb-row-parent  wppb-row-1603700490895 \"  >\n\t\t\t\t\t\n\t\t\t\t\t\t\t\t\t\t\n\t\t\t\t\t\t\t\t\t\t\n\t\t\t\t\t<div class=\"wppb-container \">\n\t\t\t\t\t\t\t\t\t\t\t\t\t\n                        <div class=\"wppb-row\">\n\t\t\t\t\t\t\t                                    <div  class=\"wppb-column-parent wppb-column-parent-view wppb-col-1603700490896  \"  >\n                                        <div class=\"wppb-column\">\n\t\t\t\t\t\n\t\t\t\t\t\t\t\t\t\t\t\n                                            <div class=\"wppb-builder-addons\">\n\t\t\t\t\t\t\t\t\t\t\t\t<div class='wppb-builder-addon wppb-addon-1603700490897'  data-addon-id='1603700490897'><div class='wppb-addon'><div class=\"wppb-headline-addon\"><div class=\"wppb-headline-content\"><h2 class=\"wppb-addon-title\">Szervezeti fel\u00e9p\u00edt\u00e9s, el\u00e9rhet\u0151s\u00e9gek<\/h2><\/div><\/div><\/div><\/div><div class='wppb-builder-addon wppb-addon-1603700490898'  data-addon-id='1603700490898'><div class='wppb-addon'><div class=\"wppb-price-list-addon\"><div class=\"wppb-price-list-addon-content\"><div class=\"wppb-price-list-item repeater-0\"><div class=\"wppb-price-list-wrap wppb-price-align-left wppb-price-list-with_right\"><div class=\"wppb-price-list-content\"><div class=\"wppb-price-list-head\"><span class=\"wppb-price-list-title\">Hock Zolt\u00e1n<\/span><span class=\"wppb-pricelist-price-content\"><span class=\"wppb-price-list-price\">06 1 3698155\/300<\/span><\/span><\/div><div class=\"wppb-price-list-body\">vez\u00e9rigazgat\u00f3<\/Br>\nTitk\u00e1rs\u00e1g:<b> Farkas T\u00edmea<\/b>\t<\/Br>farkas.timea@uvzrt.hu<\/div><\/div><\/div><\/div><div class=\"wppb-price-list-item repeater-1\"><div class=\"wppb-price-list-wrap wppb-price-align-left wppb-price-list-with_right\"><div class=\"wppb-price-list-media wppb-price-list-icon\"><i class=\"far fa-window-minimize\"><\/i><\/div><div class=\"wppb-price-list-content\"><div class=\"wppb-price-list-head\"><span class=\"wppb-price-list-title\">Zsila Imre<\/span><span class=\"wppb-pricelist-price-content\"><span class=\"wppb-price-list-price\">06 1 3698155\/320<\/span><\/span><\/div><div class=\"wppb-price-list-body\">hasznos\u00edt\u00e1si oszt\u00e1lyvezet\u0151<\/Br>\n\tzsila.imre@uvzrt.hu<\/Br><\/div><\/div><\/div><\/div><div class=\"wppb-price-list-item repeater-2\"><div class=\"wppb-price-list-wrap wppb-price-align-left wppb-price-list-with_right\"><div class=\"wppb-price-list-media wppb-price-list-icon\"><i class=\"fas fa-rss\"><\/i><\/div><div class=\"wppb-price-list-content\"><div class=\"wppb-price-list-head\"><span class=\"wppb-price-list-title\">Kov\u00e1cs Julianna\n<\/span><span class=\"wppb-pricelist-price-content\"><span class=\"wppb-price-list-price\">06 1 3698155\/313<\/span><\/span><\/div><div class=\"wppb-price-list-body\">HR vezet\u0151 <\/Br>\nkovacs.julianna@uvzrt.hu<\/div><\/div><\/div><\/div><div class=\"wppb-price-list-item repeater-3\"><div class=\"wppb-price-list-wrap wppb-price-align-left wppb-price-list-with_right\"><div class=\"wppb-price-list-media wppb-price-list-icon\"><i class=\"fas fa-chevron-circle-right\"><\/i><\/div><div class=\"wppb-price-list-content\"><div class=\"wppb-price-list-head\"><span class=\"wppb-price-list-title\">Balogh Gabriella\n<\/span><span class=\"wppb-pricelist-price-content\"><span class=\"wppb-price-list-price\">06 1 3698155\/314<\/span><\/span><\/div><div class=\"wppb-price-list-body\">PR \u00e9s Marketing menedzser<\/Br>\nbalogh.gabriella@uvzrt.hu<\/div><\/div><\/div><\/div><div class=\"wppb-price-list-item repeater-4\"><div class=\"wppb-price-list-wrap wppb-price-align-left wppb-price-list-with_right\"><div class=\"wppb-price-list-media wppb-price-list-icon\"><i class=\"far fa-window-minimize\"><\/i><\/div><div class=\"wppb-price-list-content\"><div class=\"wppb-price-list-head\"><span class=\"wppb-price-list-title\">Sel\u00e9nyi Csaba\n<\/span><span class=\"wppb-pricelist-price-content\"><span class=\"wppb-price-list-price\">06 1 3698155\/330<\/span><\/span><\/div><div class=\"wppb-price-list-body\">informatikai \u00e9s szervez\u00e9si oszt\u00e1lyvezet\u0151<\/Br>\nselenyi.csaba@uvzrt.hu<\/div><\/div><\/div><\/div><div class=\"wppb-price-list-item repeater-5\"><div class=\"wppb-price-list-wrap wppb-price-align-left wppb-price-list-with_right\"><div class=\"wppb-price-list-media wppb-price-list-icon\"><i class=\"far fa-window-minimize\"><\/i><\/div><div class=\"wppb-price-list-content\"><div class=\"wppb-price-list-head\"><span class=\"wppb-price-list-title\">Sz\u0171cs-M\u00e9sz\u00e1ros Ildik\u00f3\n<\/span><span class=\"wppb-pricelist-price-content\"><span class=\"wppb-price-list-price\">06 1 3698155\/312<\/span><\/span><\/div><div class=\"wppb-price-list-body\">bels\u0151 ellen\u0151r<\/Br>\nmeszaros.ildiko@uvzrt.hu<\/div><\/div><\/div><\/div><\/div><\/div><\/div><\/div><div class='wppb-builder-addon wppb-addon-1603786550288'  data-addon-id='1603786550288'><div class='wppb-addon'><div class=\"wppb-price-list-addon\"><div class=\"wppb-price-list-addon-content\"><div class=\"wppb-price-list-item repeater-0\"><div class=\"wppb-price-list-wrap wppb-price-align-left wppb-price-list-with_right\"><div class=\"wppb-price-list-content\"><div class=\"wppb-price-list-head\"><span class=\"wppb-price-list-title\">Ver\u00e9b L\u00e1szl\u00f3<\/span><span class=\"wppb-pricelist-price-content\"><span class=\"wppb-price-list-price\">06 1 3698155\/400<\/span><\/span><\/div><div class=\"wppb-price-list-body\">vez\u00e9rigazgat\u00f3-helyettes<\/Br>\nTitk\u00e1rs\u00e1g:<b> Belinszki Krisztina<\/b><\/Br>belinszki.krisztina@uvzrt.hu<\/div><\/div><\/div><\/div><div class=\"wppb-price-list-item repeater-1\"><div class=\"wppb-price-list-wrap wppb-price-align-left wppb-price-list-with_right\"><div class=\"wppb-price-list-media wppb-price-list-icon\"><i class=\"far fa-window-minimize\"><\/i><\/div><div class=\"wppb-price-list-content\"><div class=\"wppb-price-list-head\"><span class=\"wppb-price-list-title\">dr. T\u00e1nczos Henrietta\n\n<\/span><span class=\"wppb-pricelist-price-content\"><span class=\"wppb-price-list-price\">06 1 3698155\/410<\/span><\/span><\/div><div class=\"wppb-price-list-body\">jogi oszt\u00e1lyvezet\u0151<\/Br>\ntanczos.henrietta@uvzrt.hu\n<\/div><\/div><\/div><\/div><div class=\"wppb-price-list-item repeater-2\"><div class=\"wppb-price-list-wrap wppb-price-align-left wppb-price-list-with_right\"><div class=\"wppb-price-list-media wppb-price-list-icon\"><i class=\"far fa-window-minimize\"><\/i><\/div><div class=\"wppb-price-list-content\"><div class=\"wppb-price-list-head\"><span class=\"wppb-price-list-title\">Simond\u00e1n Bence\n<\/span><span class=\"wppb-pricelist-price-content\"><span class=\"wppb-price-list-price\">06 1 3698155\/420<\/span><\/span><\/div><div class=\"wppb-price-list-body\">k\u00e9pviseleti oszt\u00e1lyvezet\u0151<\/Br>\nsimondan.bence@uvzrt.hu<\/div><\/div><\/div><\/div><\/div><\/div><\/div><\/div><div class='wppb-builder-addon wppb-addon-1603786550323'  data-addon-id='1603786550323'><div class='wppb-addon'><div class=\"wppb-price-list-addon\"><div class=\"wppb-price-list-addon-content\"><div class=\"wppb-price-list-item repeater-0\"><div class=\"wppb-price-list-wrap wppb-price-align-left wppb-price-list-with_right\"><div class=\"wppb-price-list-content\"><div class=\"wppb-price-list-head\"><span class=\"wppb-price-list-title\">T\u00f3th Tam\u00e1s<\/span><span class=\"wppb-pricelist-price-content\"><span class=\"wppb-price-list-price\">06 1 3698155\/500<\/span><\/span><\/div><div class=\"wppb-price-list-body\">gazdas\u00e1gi igazgat\u00f3<\/Br>\nTitk\u00e1rs\u00e1g:<b> Sz\u00e9p Erika<\/b><\/Br>szep.erika@uvzrt.hu<\/div><\/div><\/div><\/div><div class=\"wppb-price-list-item repeater-1\"><div class=\"wppb-price-list-wrap wppb-price-align-left wppb-price-list-with_right\"><div class=\"wppb-price-list-media wppb-price-list-icon\"><i class=\"far fa-window-minimize\"><\/i><\/div><div class=\"wppb-price-list-content\"><div class=\"wppb-price-list-head\"><span class=\"wppb-price-list-title\">Briglovics Lilla\n\n<\/span><span class=\"wppb-pricelist-price-content\"><span class=\"wppb-price-list-price\">06 1 3698155\/510<\/span><\/span><\/div><div class=\"wppb-price-list-body\">gazdas\u00e1gi oszt\u00e1lyvezet\u0151<\/Br>\nbriglovics.lilla@uvzrt.hu<\/div><\/div><\/div><\/div><div class=\"wppb-price-list-item repeater-2\"><div class=\"wppb-price-list-wrap wppb-price-align-left wppb-price-list-with_right\"><div class=\"wppb-price-list-media wppb-price-list-icon\"><i class=\"far fa-window-minimize\"><\/i><\/div><div class=\"wppb-price-list-content\"><div class=\"wppb-price-list-head\"><span class=\"wppb-price-list-title\">Klonyavec Krisztina\n<\/span><span class=\"wppb-pricelist-price-content\"><span class=\"wppb-price-list-price\">06 1 3698155\/520<\/span><\/span><\/div><div class=\"wppb-price-list-body\">\u00fcgyf\u00e9lkapcsolati oszt\u00e1lyvezet\u0151<\/Br>\nklonyavec.krisztina@uvzrt.hu\n<\/div><\/div><\/div><\/div><\/div><\/div><\/div><\/div><div class='wppb-builder-addon wppb-addon-1603786550352'  data-addon-id='1603786550352'><div class='wppb-addon'><div class=\"wppb-price-list-addon\"><div class=\"wppb-price-list-addon-content\"><div class=\"wppb-price-list-item repeater-0\"><div class=\"wppb-price-list-wrap wppb-price-align-left wppb-price-list-with_right\"><div class=\"wppb-price-list-content\"><div class=\"wppb-price-list-head\"><span class=\"wppb-price-list-title\">Szatm\u00e1ri Korn\u00e9lia<\/span><span class=\"wppb-pricelist-price-content\"><span class=\"wppb-price-list-price\">06 1 3698155\/600<\/span><\/span><\/div><div class=\"wppb-price-list-body\">m\u0171szaki igazgat\u00f3<\/Br>\nTitk\u00e1rs\u00e1g:<b> Kecskem\u00e9ti Anik\u00f3<\/b><\/Br>kecskemeti.aniko@uvzrt.hu<\/div><\/div><\/div><\/div><div class=\"wppb-price-list-item repeater-1\"><div class=\"wppb-price-list-wrap wppb-price-align-left wppb-price-list-with_right\"><div class=\"wppb-price-list-media wppb-price-list-icon\"><i class=\"far fa-window-minimize\"><\/i><\/div><div class=\"wppb-price-list-content\"><div class=\"wppb-price-list-head\"><span class=\"wppb-price-list-title\">Mamrus P\u00e9ter\n<\/span><span class=\"wppb-pricelist-price-content\"><span class=\"wppb-price-list-price\">06 1 3698155\/610<\/span><\/span><\/div><div class=\"wppb-price-list-body\">m\u0171szaki oszt\u00e1lyvezet\u0151<\/Br>\nmamrus.peter@uvzrt.hu<\/div><\/div><\/div><\/div><div class=\"wppb-price-list-item repeater-2\"><div class=\"wppb-price-list-wrap wppb-price-align-left wppb-price-list-with_right\"><div class=\"wppb-price-list-media wppb-price-list-icon\"><i class=\"far fa-window-minimize\"><\/i><\/div><div class=\"wppb-price-list-content\"><div class=\"wppb-price-list-head\"><span class=\"wppb-price-list-title\">Benk\u0151 Norbert\n\n<\/span><span class=\"wppb-pricelist-price-content\"><span class=\"wppb-price-list-price\">06 1 3698155\/630<\/span><\/span><\/div><div class=\"wppb-price-list-body\">\u00fczemeltet\u00e9si csoportvezet\u0151<\/Br>\nbenko.norbert@uvzrt.hu<\/div><\/div><\/div><\/div><div class=\"wppb-price-list-item repeater-3\"><div class=\"wppb-price-list-wrap wppb-price-align-left wppb-price-list-with_right\"><div class=\"wppb-price-list-media wppb-price-list-icon\"><i class=\"far fa-window-minimize\"><\/i><\/div><div class=\"wppb-price-list-content\"><div class=\"wppb-price-list-head\"><span class=\"wppb-price-list-title\">Mogyor\u00f3si Ferenc\n<\/span><span class=\"wppb-pricelist-price-content\"><span class=\"wppb-price-list-price\">+36 70 934 6990<\/span><\/span><\/div><div class=\"wppb-price-list-body\">V\u00e1rosi Uszoda-vezet\u0151<\/Br>\nmogyorosi.ferenc@uvzrt.hu<\/div><\/div><\/div><\/div><\/div><\/div><\/div><\/div>                                            <\/div>\n                                        <\/div>\n                                    <\/div>\n\t\t\t\t\t\t\t\t\t                                    <div  class=\"wppb-column-parent wppb-column-parent-view wppb-col-1603700490899  \"  >\n                                        <div class=\"wppb-column\">\n\t\t\t\t\t\n\t\t\t\t\t\t\t\t\t\t\t\n                                            <div class=\"wppb-builder-addons\">\n\t\t\t\t\t\t\t\t\t\t\t\t<div class='wppb-builder-addon wppb-addon-1603700490900'  data-addon-id='1603700490900'><div class='wppb-addon'><div class=\"wppb-image-addon\"><figure class=\"wppb-image-addon-content-wrap\"><div class=\"wppb-image-addon-content wppb-imginline\"><img decoding=\"async\" class=\"wppb-image-addon-img\" src=\"https:\/\/uvzrt.hu\/wp-content\/uploads\/2020\/08\/bws2.jpg\" alt=\"Image\"><\/div><\/figure><\/div><\/div><\/div>                                            <\/div>\n                                        <\/div>\n                                    <\/div>\n\t\t\t\t\t\t\t\t\t                        <\/div>\n\n                    <\/div>\n                <\/div>\n\t\t\t\t<\/div>","protected":false},"excerpt":{"rendered":"<p>About Us Szervezeti fel\u00e9p\u00edt\u00e9s, el\u00e9rhet\u0151s\u00e9gekHock Zolt\u00e1n06 1 3698155\/300vez\u00e9rigazgat\u00f3 Titk\u00e1rs\u00e1g: Farkas T\u00edmea farkas.timea@uvzrt.huZsila Imre06 1 3698155\/320hasznos\u00edt\u00e1si oszt\u00e1lyvezet\u0151 zsila.imre@uvzrt.huKov\u00e1cs Julianna 06 1 3698155\/313HR vezet\u0151 kovacs.julianna@uvzrt.huBalogh Gabriella 06 1 3698155\/314PR \u00e9s Marketing menedzser balogh.gabriella@uvzrt.huSel\u00e9nyi Csaba 06 1 3698155\/330informatikai \u00e9s szervez\u00e9si oszt\u00e1lyvezet\u0151 selenyi.csaba@uvzrt.huSz\u0171cs-M\u00e9sz\u00e1ros Ildik\u00f3 06 1 3698155\/312bels\u0151 ellen\u0151r meszaros.ildiko@uvzrt.huVer\u00e9b L\u00e1szl\u00f306 1 3698155\/400vez\u00e9rigazgat\u00f3-helyettes Titk\u00e1rs\u00e1g: Belinszki Krisztinabelinszki.krisztina@uvzrt.hudr. T\u00e1nczos Henrietta 06 1 [&hellip;]<\/p>\n","protected":false},"author":1,"featured_media":0,"parent":0,"menu_order":0,"comment_status":"closed","ping_status":"closed","template":"","meta":{"footnotes":""},"class_list":["post-277","page","type-page","status-publish","hentry"],"_links":{"self":[{"href":"https:\/\/uvzrt.hu\/index.php\/wp-json\/wp\/v2\/pages\/277","targetHints":{"allow":["GET"]}}],"collection":[{"href":"https:\/\/uvzrt.hu\/index.php\/wp-json\/wp\/v2\/pages"}],"about":[{"href":"https:\/\/uvzrt.hu\/index.php\/wp-json\/wp\/v2\/types\/page"}],"author":[{"embeddable":true,"href":"https:\/\/uvzrt.hu\/index.php\/wp-json\/wp\/v2\/users\/1"}],"replies":[{"embeddable":true,"href":"https:\/\/uvzrt.hu\/index.php\/wp-json\/wp\/v2\/comments?post=277"}],"version-history":[{"count":1,"href":"https:\/\/uvzrt.hu\/index.php\/wp-json\/wp\/v2\/pages\/277\/revisions"}],"predecessor-version":[{"id":279,"href":"https:\/\/uvzrt.hu\/index.php\/wp-json\/wp\/v2\/pages\/277\/revisions\/279"}],"wp:attachment":[{"href":"https:\/\/uvzrt.hu\/index.php\/wp-json\/wp\/v2\/media?parent=277"}],"curies":[{"name":"wp","href":"https:\/\/api.w.org\/{rel}","templated":true}]}}