{"id":274,"date":"2020-08-03T07:18:12","date_gmt":"2020-08-03T07:18:12","guid":{"rendered":"http:\/\/uvzrt.hu\/?page_id=274"},"modified":"2020-11-30T14:55:13","modified_gmt":"2020-11-30T14:55:13","slug":"tevekenysegi-korok","status":"publish","type":"page","link":"https:\/\/uvzrt.hu\/index.php\/tevekenysegi-korok\/","title":{"rendered":"Tev\u00e9kenys\u00e9gi k\u00f6r\u00f6k"},"content":{"rendered":"<div id=\"wppb-builder-container\" class=\"wppb-builder-container\">                <div  class=\"wppb-row-parent  wppb-row-1596439534634 \"  >\n\t\t\t\t\t\n\t\t\t\t\t\t\t\t\t\t\n\t\t\t\t\t\t\t\t\t\t\n\t\t\t\t\t<div class=\"wppb-container \">\n\t\t\t\t\t\t\t\t\t\t\t\t\t\n                        <div class=\"wppb-row\">\n\t\t\t\t\t\t\t                                    <div  class=\"wppb-column-parent wppb-column-parent-view wppb-col-1596439534635  \"  >\n                                        <div class=\"wppb-column\">\n\t\t\t\t\t\n\t\t\t\t\t\t\t\t\t\t\t\n                                            <div class=\"wppb-builder-addons\">\n\t\t\t\t\t\t\t\t\t\t\t\t<div class='wppb-builder-addon wppb-addon-1596439534636'  data-addon-id='1596439534636'><div class='wppb-addon'><div class=\"wppb-headline-addon\"><div class=\"wppb-headline-content\"><h2 class=\"wppb-addon-title\"><\/h2><\/div><\/div><\/div><\/div>                                            <\/div>\n                                        <\/div>\n                                    <\/div>\n\t\t\t\t\t\t\t\t\t                                    <div  class=\"wppb-column-parent wppb-column-parent-view wppb-col-1596439534637  \"  >\n                                        <div class=\"wppb-column\">\n\t\t\t\t\t\n\t\t\t\t\t\t\t\t\t\t\t\n                                            <div class=\"wppb-builder-addons\">\n\t\t\t\t\t\t\t\t\t\t\t\t                                            <\/div>\n                                        <\/div>\n                                    <\/div>\n\t\t\t\t\t\t\t\t\t                        <\/div>\n\n                    <\/div>\n                <\/div>\n\t\t\t\t                <div  class=\"wppb-row-parent \"  >\n\t\t\t\t\t\n\t\t\t\t\t\t\t\t\t\t\n\t\t\t\t\t\t\t\t\t\t\n\t\t\t\t\t<div class=\"wppb-container  wppb-row-1622012880522  wppb-container-row-default\">\n\t\t\t\t\t\t\t\t\t\t\t\t\t\n                        <div class=\"wppb-row\">\n\t\t\t\t\t\t\t                                    <div  class=\"wppb-column-parent wppb-column-parent-view wppb-col-1622012880525  \"  >\n                                        <div class=\"wppb-column\">\n\t\t\t\t\t\n\t\t\t\t\t\t\t\t\t\t\t\n                                            <div class=\"wppb-builder-addons\">\n\t\t\t\t\t\t\t\t\t\t\t\t<div class='wppb-builder-addon wppb-addon-1622012880526'  data-addon-id='1622012880526'><div class='wppb-addon'><div class=\"wppb-feature-box-addon\"><div class=\"wppb-feature-box-content\"><h3 class=\"wppb-feature-box-title\">Tev\u00e9kenys\u00e9gi k\u00f6r\u00f6k<\/h3><h4 class=\"wppb-feature-box-subtitle\">UV \u00dajpesti Vagyonkezel\u0151 Zrt. \u2013 \u00dajpest v\u00e1ros\u00e1nak \u00e9s az \u00fajpesti polg\u00e1roknak a szolg\u00e1lat\u00e1ban<\/h4><div class=\"wppb-feature-box-intro\">Az UV \u00dajpesti Vagyonkezel\u0151 Z\u00e1rtk\u00f6r\u0171en M\u0171k\u00f6d\u0151 R\u00e9szv\u00e9nyt\u00e1rsas\u00e1got 1993-ban alap\u00edtotta \u00dajpest \u00d6nkorm\u00e1nyzata, mint kiz\u00e1r\u00f3lagos tulajdonak\u00e9nt m\u0171k\u00f6d\u0151 c\u00e9gcsoportot. Alap\u00edt\u00e1sunkkor az \u00d6nkorm\u00e1nyzat jelent\u0151s k\u00f6z\u00f6ss\u00e9gi vagyont \u00e9s egyben hatalmas felel\u0151ss\u00e9get tett a v\u00e1llunkra. Feladataink k\u00f6z\u00e9 tartozik a t\u00f6bb, mint 2100 \u00f6nkorm\u00e1nyzati szoci\u00e1lis lak\u00e1s \u00fczemeltet\u00e9se, t\u00f6bb, mint 1500 nem lak\u00e1s \u00e9s a 300-at meghalad\u00f3 piaci alap\u00fa lak\u00e1s hasznos\u00edt\u00e1sa, a h\u00e1ziorvosi rendel\u0151k, v\u00e9d\u0151n\u0151i szolg\u00e1latok \u00e9s az \u00dajpest Szakorvosi Rendel\u0151int\u00e9zet z\u00f6kken\u0151mentes m\u0171k\u00f6d\u00e9s\u00e9nek biztos\u00edt\u00e1sa. <\/br>T\u00e1rsas\u00e1gunk \u00fczemeltet\u00e9si k\u00f6r\u00e9be tartozik a Halassy Oliv\u00e9r V\u00e1rosi Uszoda, Tarzan\u2122Park, Szilas Park, \u00dajpest F\u0151t\u00e9r parkol\u00f3, K\u00f6zrendv\u00e9delmi Sz\u00e1ll\u00f3, Fecskeh\u00e1z, a Duna partj\u00e1n tal\u00e1lhat\u00f3 Cs\u00f3nakh\u00e1z, Par\u00e1df\u00fcrd\u0151n \u00e9s Balatonszepezden l\u00e9v\u0151 \u00f6nkorm\u00e1nyzati dolgoz\u00f3i \u00fcd\u00fcl\u0151k. Az UV \u00dajpesti vagyonkezel\u0151 Zrt. szerz\u0151d\u00e9s keret\u00e9ben hasznos\u00edtja az \u00dajpesti Piac \u00e9s V\u00e1s\u00e1rcsarnok \u00fczlethelyis\u00e9geit; hasznos\u00edtja \u00e9s \u00fczemelteti az \u00dajpesti Piac \u00e9s V\u00e1s\u00e1rcsarnokot, valamint biztos\u00edtja az \u00dajpesti Kultur\u00e1lis k\u00f6zpont m\u0171k\u00f6d\u00e9si felt\u00e9teleit.  Az \u00d6nkorm\u00e1nyzat tulajdon\u00e1ban l\u00e9v\u0151 hirdet\u00e9si szolg\u00e1ltat\u00e1st ny\u00fajt\u00f3 fel\u00fcletek b\u00e9rbead\u00e1s\u00e1val \u00f6sszef\u00fcgg\u0151 feladatokat is ell\u00e1tjuk. <\/br>Le\u00e1nyv\u00e1llalatunk az \u00dajpesti Vagyon\u0151r Kft. k\u00f6zrem\u0171k\u00f6d\u00e9s\u00e9vel seg\u00edtj\u00fck a V\u00e1ros \u00e1ltal szervezett kultur\u00e1lis \u2013 \u00e9s sportrendezv\u00e9nyek biztons\u00e1g\u00e1t. Tev\u00e9kenys\u00e9gi k\u00f6r\u00fcnkbe tartozik az \u00fajpesti iskol\u00e1k takar\u00edt\u00e1s\u00e1nak ell\u00e1t\u00e1sa \u00e9s a portaszolg\u00e1lat m\u0171k\u00f6dtet\u00e9se.\n\nAz UV \u00dajpesti Vagyonkezel\u0151 Zrt. szerte\u00e1gaz\u00f3 tev\u00e9kenys\u00e9g\u00e9nek k\u00f6sz\u00f6nhet\u0151n szinte valamennyi \u00fajpesti polg\u00e1rral kapcsolatba ker\u00fcl, mely hatalmas felel\u0151ss\u00e9get \u00e9s egyben nagy kih\u00edv\u00e1st jelent. T\u00e1rsas\u00e1gunk sz\u00e9les tev\u00e9kenys\u00e9gi k\u00f6r\u00e9nek hat\u00e9kony ell\u00e1t\u00e1s\u00e1hoz elengedhetetlen dolgoz\u00f3ink naprak\u00e9sz szaktud\u00e1s \u00e9s szak\u00e9rtelme, lelkiismeretes munkav\u00e9gz\u00e9se \u00e9s a folyamatos szervezeti fejl\u0151d\u00e9s\u00fcnk.  <\/div><\/div><\/div><\/div><\/div>                                            <\/div>\n                                        <\/div>\n                                    <\/div>\n\t\t\t\t\t\t\t\t\t                                    <div  class=\"wppb-column-parent wppb-column-parent-view wppb-col-1622012880786  \"  >\n                                        <div class=\"wppb-column\">\n\t\t\t\t\t\n\t\t\t\t\t\t\t\t\t\t\t\n                                            <div class=\"wppb-builder-addons\">\n\t\t\t\t\t\t\t\t\t\t\t\t<div class='wppb-builder-addon wppb-addon-1622012880787'  data-addon-id='1622012880787'><div class='wppb-addon'><div class=\"wppb-image-addon\"><figure class=\"wppb-image-addon-content-wrap\"><div class=\"wppb-image-addon-content wppb-imginlineblock\"><img decoding=\"async\" class=\"wppb-image-addon-img\" src=\"https:\/\/uvzrt.hu\/wp-content\/uploads\/2021\/01\/IMG_1580.jpg\" alt=\"Image\"><\/div><\/figure><\/div><\/div><\/div>                                            <\/div>\n                                        <\/div>\n                                    <\/div>\n\t\t\t\t\t\t\t\t\t                        <\/div>\n\n                    <\/div>\n                <\/div>\n\t\t\t\t<\/div>","protected":false},"excerpt":{"rendered":"<p>Tev\u00e9kenys\u00e9gi k\u00f6r\u00f6kUV \u00dajpesti Vagyonkezel\u0151 Zrt. \u2013 \u00dajpest v\u00e1ros\u00e1nak \u00e9s az \u00fajpesti polg\u00e1roknak a szolg\u00e1lat\u00e1banAz UV \u00dajpesti Vagyonkezel\u0151 Z\u00e1rtk\u00f6r\u0171en M\u0171k\u00f6d\u0151 R\u00e9szv\u00e9nyt\u00e1rsas\u00e1got 1993-ban alap\u00edtotta \u00dajpest \u00d6nkorm\u00e1nyzata, mint kiz\u00e1r\u00f3lagos tulajdonak\u00e9nt m\u0171k\u00f6d\u0151 c\u00e9gcsoportot. Alap\u00edt\u00e1sunkkor az \u00d6nkorm\u00e1nyzat jelent\u0151s k\u00f6z\u00f6ss\u00e9gi vagyont \u00e9s egyben hatalmas felel\u0151ss\u00e9get tett a v\u00e1llunkra. Feladataink k\u00f6z\u00e9 tartozik a t\u00f6bb, mint 2100 \u00f6nkorm\u00e1nyzati szoci\u00e1lis lak\u00e1s \u00fczemeltet\u00e9se, t\u00f6bb, mint [&hellip;]<\/p>\n","protected":false},"author":1,"featured_media":0,"parent":0,"menu_order":0,"comment_status":"closed","ping_status":"closed","template":"","meta":{"footnotes":""},"class_list":["post-274","page","type-page","status-publish","hentry"],"_links":{"self":[{"href":"https:\/\/uvzrt.hu\/index.php\/wp-json\/wp\/v2\/pages\/274","targetHints":{"allow":["GET"]}}],"collection":[{"href":"https:\/\/uvzrt.hu\/index.php\/wp-json\/wp\/v2\/pages"}],"about":[{"href":"https:\/\/uvzrt.hu\/index.php\/wp-json\/wp\/v2\/types\/page"}],"author":[{"embeddable":true,"href":"https:\/\/uvzrt.hu\/index.php\/wp-json\/wp\/v2\/users\/1"}],"replies":[{"embeddable":true,"href":"https:\/\/uvzrt.hu\/index.php\/wp-json\/wp\/v2\/comments?post=274"}],"version-history":[{"count":1,"href":"https:\/\/uvzrt.hu\/index.php\/wp-json\/wp\/v2\/pages\/274\/revisions"}],"predecessor-version":[{"id":276,"href":"https:\/\/uvzrt.hu\/index.php\/wp-json\/wp\/v2\/pages\/274\/revisions\/276"}],"wp:attachment":[{"href":"https:\/\/uvzrt.hu\/index.php\/wp-json\/wp\/v2\/media?parent=274"}],"curies":[{"name":"wp","href":"https:\/\/api.w.org\/{rel}","templated":true}]}}