{"id":244,"date":"2020-07-24T06:09:52","date_gmt":"2020-07-24T06:09:52","guid":{"rendered":"http:\/\/uvzrt.hu\/?page_id=244"},"modified":"2020-11-30T14:52:12","modified_gmt":"2020-11-30T14:52:12","slug":"kapcsolat","status":"publish","type":"page","link":"https:\/\/uvzrt.hu\/index.php\/kapcsolat\/","title":{"rendered":"Kapcsolat"},"content":{"rendered":"<div id=\"wppb-builder-container\" class=\"wppb-builder-container\">                <div  class=\"wppb-row-parent  wppb-row-1597048220229 \"  >\n\t\t\t\t\t\n\t\t\t\t\t\t\t\t\t\t\n\t\t\t\t\t\t\t\t\t\t\n\t\t\t\t\t<div class=\"wppb-container \">\n\t\t\t\t\t\t\t\t\t\t\t\t\t\n                        <div class=\"wppb-row\">\n\t\t\t\t\t\t\t                                    <div  class=\"wppb-column-parent wppb-column-parent-view wppb-col-1597048220230  \"  >\n                                        <div class=\"wppb-column\">\n\t\t\t\t\t\n\t\t\t\t\t\t\t\t\t\t\t\n                                            <div class=\"wppb-builder-addons\">\n\t\t\t\t\t\t\t\t\t\t\t\t                                            <\/div>\n                                        <\/div>\n                                    <\/div>\n\t\t\t\t\t\t\t\t\t                        <\/div>\n\n                    <\/div>\n                <\/div>\n\t\t\t\t                <div  class=\"wppb-row-parent  wppb-row-1597048220232 \"  >\n\t\t\t\t\t\n\t\t\t\t\t\t\t\t\t\t\n\t\t\t\t\t\t\t\t\t\t\n\t\t\t\t\t<div class=\"wppb-container \">\n\t\t\t\t\t\t\t\t\t\t\t\t\t\n                        <div class=\"wppb-row\">\n\t\t\t\t\t\t\t                                    <div  class=\"wppb-column-parent wppb-column-parent-view wppb-col-1597048220233  \"  >\n                                        <div class=\"wppb-column\">\n\t\t\t\t\t\n\t\t\t\t\t\t\t\t\t\t\t\n                                            <div class=\"wppb-builder-addons\">\n\t\t\t\t\t\t\t\t\t\t\t\t<div class='wppb-builder-addon wppb-addon-1597048736966'  data-addon-id='1597048736966'><div class='wppb-addon'><div class=\"wppb-gmap-simple-addon\"><div class=\"wppb-gmap-simple-addon-content\"><div class=\"wppb-gmap-canvas\"><iframe frameborder=\"0\" scrolling=\"no\" marginheight=\"0\" marginwidth=\"0\" src=\"https:\/\/maps.google.com\/maps?q=Budapest%2C%20Magyarorsz%C3%A1g%0AMunk%C3%A1sotthon%20utca%2066-68.&amp;t=m&amp;z=14&amp;output=embed&amp;iwloc=near\" aria-label=\"Budapest, Magyarorsz\u00e1g\nMunk\u00e1sotthon utca 66-68.\"><\/iframe><\/div><\/div><\/div><\/div><\/div>                                            <\/div>\n                                        <\/div>\n                                    <\/div>\n\t\t\t\t\t\t\t\t\t                                    <div  class=\"wppb-column-parent wppb-column-parent-view wppb-col-1597048220235  \"  >\n                                        <div class=\"wppb-column\">\n\t\t\t\t\t\n\t\t\t\t\t\t\t\t\t\t\t\n                                            <div class=\"wppb-builder-addons\">\n\t\t\t\t\t\t\t\t\t\t\t\t<div class='wppb-builder-addon wppb-addon-1597048220236'  data-addon-id='1597048220236'><div class='wppb-addon'><div class=\"wppb-feature-box-addon\"><div class=\"wppb-feature-box-content\"><h3 class=\"wppb-feature-box-title\">Kapcsolat<\/h3><div class=\"wppb-feature-box-intro\">C\u00edm\u00fcnk: <b>1042 Budapest, Munk\u00e1sotthon utca 66-68.<\/b><\/br>\n  \t \nK\u00f6zponti telefonsz\u00e1munk: <b>+36 1 369 8155<\/b><\/br>\n  \t \nK\u00f6zponti faxunk: \t<b>+36 1 369 8103<\/b><\/br>\n  \t \nK\u00f6zponti e-mail c\u00edm\u00fcnk: \t<b> <a href=\"mailto:info@uvzrt.hu\">info@uvzrt.hu<\/a><\/b><\/br>\n\nPartnereink adatv\u00e1ltoz\u00e1s bejelent\u00e9se: \t<b> <a href=\"mailto:adatrogzites@uvzrt.hu\">adatrogzites@uvzrt.hu<\/a><\/b><\/br>\n  \t \n\u00dcgyf\u00e9lszolg\u00e1latunk c\u00edme: \t<b>1042 Budapest, Munk\u00e1sotthon utca 66-68.<\/b><\/br>\n  \t \n<u>\u00dcgyf\u00e9lszolg\u00e1lati id\u0151: <\/u><\/br>\t \n  \t \nh\u00e9tf\u0151: \t<b>Egyeztet\u00e9s szerint<\/b><\/br>\nkedd: \t<b>Egyeztet\u00e9s szerint<\/b><\/br>\nszerda: \t<b>08:15-16:30<\/b><\/br>\ncs\u00fct\u00f6rt\u00f6k: \t<b>Egyeztet\u00e9s szerint<\/b><\/br>\np\u00e9ntek: \t<b>Egyeztet\u00e9s szerint<\/b><\/br>\nszombat: \t<b>z\u00e1rva<\/b><\/br>\nvas\u00e1rnap: \t<b>z\u00e1rva<\/b><\/br>\n<\/br>\n <br><b>Tisztelt \u00dcgyfeleink!<\/b><\/br><br>\n\nT\u00e1j\u00e9koztatjuk \u00d6n\u00f6ket, hogy\n<ul><li> \u00fcgyf\u00e9lszolg\u00e1latunk <b> okt\u00f3ber 22-\u00e9n 12 \u00f3r\u00e1ig <\/b> van nyitva, <\/li><li> irodah\u00e1zunk <b>okt\u00f3ber 18-\u00e1n \u00e9s okt\u00f3ber 24-\u00e9n Z\u00c1RVA tart.<\/b><\/li><\/ul>\n<b><Br><Br><\/div><\/div><\/div><\/div><\/div>                                            <\/div>\n                                        <\/div>\n                                    <\/div>\n\t\t\t\t\t\t\t\t\t                        <\/div>\n\n                    <\/div>\n                <\/div>\n\t\t\t\t                <div  class=\"wppb-row-parent  wppb-row-1622019774595 \"  >\n\t\t\t\t\t\n\t\t\t\t\t\t\t\t\t\t\n\t\t\t\t\t\t\t\t\t\t\n\t\t\t\t\t<div class=\"wppb-container \">\n\t\t\t\t\t\t\t\t\t\t\t\t\t\n                        <div class=\"wppb-row\">\n\t\t\t\t\t\t\t                                    <div  class=\"wppb-column-parent wppb-column-parent-view wppb-col-1622019774596  \"  >\n                                        <div class=\"wppb-column\">\n\t\t\t\t\t\n\t\t\t\t\t\t\t\t\t\t\t\n                                            <div class=\"wppb-builder-addons\">\n\t\t\t\t\t\t\t\t\t\t\t\t<div class='wppb-builder-addon wppb-addon-1622019774597'  data-addon-id='1622019774597'><div class='wppb-addon'><div class=\"wppb-feature-box-addon\"><div class=\"wppb-feature-box-content\"><h3 class=\"wppb-feature-box-title\">Tisztelt \u00dcgyfeleink!<\/h3><div class=\"wppb-feature-box-intro\"><\/Br>A szem\u00e9lyes \u00fcgyf\u00e9lfogad\u00e1s alatt az \u00fcgyf\u00e9lt\u00e9rben egyszerre maximum 5 \u00fcgyf\u00e9l tart\u00f3zkodhat. V\u00e1rakoz\u00e1sra az \u00e9p\u00fclet el\u0151tt tov\u00e1bbra is van lehet\u0151s\u00e9g. Az \u00fcgyf\u00e9lt\u00e9rbe kiz\u00e1r\u00f3lag k\u00e9zfert\u0151tlen\u00edt\u00e9s ut\u00e1n l\u00e9phetnek be. K\u00e9rj\u00fck, az \u00fcgyf\u00e9lt\u00e9rben csak az \u00fcgyint\u00e9z\u00e9ssel \u00e9rintett szem\u00e9lyek legyenek jelen. A z\u00f6kken\u0151mentes \u00fcgyint\u00e9z\u00e9s \u00e9rdek\u00e9ben, ha tehetik, <b>telefonon el\u0151re egyeztetett id\u0151pontban j\u00f6jjenek.<\/b> Szem\u00e9lyes befizet\u00e9s helyett, k\u00e9rj\u00fck, amennyiben m\u00f3djukban \u00e1ll, sz\u00e1ml\u00e1jukat \u00e1tutal\u00e1ssal egyenl\u00edts\u00e9k ki.\n\n\n<\/br>Jogosult megnevez\u00e9se: <b>UV \u00dajpesti Vagyonkezel\u0151 Zrt.<\/b><\/br> Jogosult sz\u00e1mlasz\u00e1ma: <b>12010422-00251492-00100000<\/b><\/br> K\u00f6zlem\u00e9ny: <b>Az \u00d6n \u00fcgyf\u00e9l azonos\u00edt\u00f3ja<\/b> (Sz\u00e1ml\u00e1n szerepl\u0151 8 karakter hossz\u00fa vev\u0151 azonos\u00edt\u00f3) <\/br>K\u00e9rj\u00fck \u00d6n\u00f6ket, \u00fcgyinz\u00e9z\u00e9s c\u00e9lj\u00e1b\u00f3l, amennyiben tehetik, telefonon, illetve e-mailben l\u00e9pjenek kapcsolatba vel\u00fcnk. <b>06-70-5001018, 06-70-5001024, 06-70-5001250, info@uvzrt.hu<\/b><\/br>\n\nSeg\u00edts\u00e9g\u00fcket \u00e9s meg\u00e9rt\u00e9s\u00fcket k\u00f6sz\u00f6nj\u00fck: UV \u00dajpesti Vagyonkezel\u0151 Zrt.<\/div><\/div><\/div><\/div><\/div>                                            <\/div>\n                                        <\/div>\n                                    <\/div>\n\t\t\t\t\t\t\t\t\t                                    <div  class=\"wppb-column-parent wppb-column-parent-view wppb-col-1622019774598  \"  >\n                                        <div class=\"wppb-column\">\n\t\t\t\t\t\n\t\t\t\t\t\t\t\t\t\t\t\n                                            <div class=\"wppb-builder-addons\">\n\t\t\t\t\t\t\t\t\t\t\t\t<div class='wppb-builder-addon wppb-addon-1648716999187'  data-addon-id='1648716999187'><div class='wppb-addon'><div class=\"wppb-image-addon\"><figure class=\"wppb-image-addon-content-wrap\"><div class=\"wppb-image-addon-content wppb-imginlineblock\"><img decoding=\"async\" class=\"wppb-image-addon-img\" src=\"https:\/\/uvzrt.hu\/wp-content\/uploads\/2020\/11\/uvzrt2s.jpg\" alt=\"Image\"><\/div><\/figure><\/div><\/div><\/div>                                            <\/div>\n                                        <\/div>\n                                    <\/div>\n\t\t\t\t\t\t\t\t\t                        <\/div>\n\n                    <\/div>\n                <\/div>\n\t\t\t\t<\/div>","protected":false},"excerpt":{"rendered":"<p>KapcsolatC\u00edm\u00fcnk: 1042 Budapest, Munk\u00e1sotthon utca 66-68. K\u00f6zponti telefonsz\u00e1munk: +36 1 369 8155 K\u00f6zponti faxunk: +36 1 369 8103 K\u00f6zponti e-mail c\u00edm\u00fcnk: info@uvzrt.hu Partnereink adatv\u00e1ltoz\u00e1s bejelent\u00e9se: adatrogzites@uvzrt.hu \u00dcgyf\u00e9lszolg\u00e1latunk c\u00edme: 1042 Budapest, Munk\u00e1sotthon utca 66-68. \u00dcgyf\u00e9lszolg\u00e1lati id\u0151: h\u00e9tf\u0151: Egyeztet\u00e9s szerint kedd: Egyeztet\u00e9s szerint szerda: 08:15-16:30 cs\u00fct\u00f6rt\u00f6k: Egyeztet\u00e9s szerint p\u00e9ntek: Egyeztet\u00e9s szerint szombat: z\u00e1rva vas\u00e1rnap: z\u00e1rva Tisztelt \u00dcgyfeleink! [&hellip;]<\/p>\n","protected":false},"author":1,"featured_media":0,"parent":0,"menu_order":0,"comment_status":"closed","ping_status":"closed","template":"","meta":{"footnotes":""},"class_list":["post-244","page","type-page","status-publish","hentry"],"_links":{"self":[{"href":"https:\/\/uvzrt.hu\/index.php\/wp-json\/wp\/v2\/pages\/244","targetHints":{"allow":["GET"]}}],"collection":[{"href":"https:\/\/uvzrt.hu\/index.php\/wp-json\/wp\/v2\/pages"}],"about":[{"href":"https:\/\/uvzrt.hu\/index.php\/wp-json\/wp\/v2\/types\/page"}],"author":[{"embeddable":true,"href":"https:\/\/uvzrt.hu\/index.php\/wp-json\/wp\/v2\/users\/1"}],"replies":[{"embeddable":true,"href":"https:\/\/uvzrt.hu\/index.php\/wp-json\/wp\/v2\/comments?post=244"}],"version-history":[{"count":1,"href":"https:\/\/uvzrt.hu\/index.php\/wp-json\/wp\/v2\/pages\/244\/revisions"}],"predecessor-version":[{"id":246,"href":"https:\/\/uvzrt.hu\/index.php\/wp-json\/wp\/v2\/pages\/244\/revisions\/246"}],"wp:attachment":[{"href":"https:\/\/uvzrt.hu\/index.php\/wp-json\/wp\/v2\/media?parent=244"}],"curies":[{"name":"wp","href":"https:\/\/api.w.org\/{rel}","templated":true}]}}