{"id":2322,"date":"2026-04-23T08:11:44","date_gmt":"2026-04-23T06:11:44","guid":{"rendered":"https:\/\/uvzrt.hu\/?page_id=2322"},"modified":"2026-05-12T09:56:45","modified_gmt":"2026-05-12T07:56:45","slug":"berbeado-kerekpartarolok","status":"publish","type":"page","link":"https:\/\/uvzrt.hu\/index.php\/berbeado-kerekpartarolok\/","title":{"rendered":"B\u00e9rbead\u00f3 Ker\u00e9kp\u00e1rt\u00e1rol\u00f3k"},"content":{"rendered":"<div id=\"wppb-builder-container\" class=\"wppb-builder-container\">                <div  class=\"wppb-row-parent  wppb-row-1776924942319 \"  >\n\t\t\t\t\t\n\t\t\t\t\t\t\t\t\t\t\n\t\t\t\t\t\t\t\t\t\t\n\t\t\t\t\t<div class=\"wppb-container \">\n\t\t\t\t\t\t\t\t\t\t\t\t\t\n                        <div class=\"wppb-row\">\n\t\t\t\t\t\t\t                                    <div  class=\"wppb-column-parent wppb-column-parent-view wppb-col-1776924942320  \"  >\n                                        <div class=\"wppb-column\">\n\t\t\t\t\t\n\t\t\t\t\t\t\t\t\t\t\t\n                                            <div class=\"wppb-builder-addons\">\n\t\t\t\t\t\t\t\t\t\t\t\t                                            <\/div>\n                                        <\/div>\n                                    <\/div>\n\t\t\t\t\t\t\t\t\t                        <\/div>\n\n                    <\/div>\n                <\/div>\n\t\t\t\t                <div  class=\"wppb-row-parent  wppb-row-1776924942316 \"  >\n\t\t\t\t\t\n\t\t\t\t\t\t\t\t\t\t\n\t\t\t\t\t\t\t\t\t\t\n\t\t\t\t\t<div class=\"wppb-container \">\n\t\t\t\t\t\t\t\t\t\t\t\t\t\n                        <div class=\"wppb-row\">\n\t\t\t\t\t\t\t                                    <div  class=\"wppb-column-parent wppb-column-parent-view wppb-col-1776924942317  \"  >\n                                        <div class=\"wppb-column\">\n\t\t\t\t\t\n\t\t\t\t\t\t\t\t\t\t\t\n                                            <div class=\"wppb-builder-addons\">\n\t\t\t\t\t\t\t\t\t\t\t\t<div class='wppb-builder-addon wppb-addon-1776924942318'  data-addon-id='1776924942318'><div class='wppb-addon'><div class=\"wppb-headline-addon\"><div class=\"wppb-headline-content\"><h2 class=\"wppb-addon-title\">B\u00e9relhet\u0151 ker\u00e9kp\u00e1rt\u00e1rol\u00f3k\n<\/h2><\/div><\/div><\/div><\/div>                                            <\/div>\n                                        <\/div>\n                                    <\/div>\n\t\t\t\t\t\t\t\t\t                        <\/div>\n\n                    <\/div>\n                <\/div>\n\t\t\t\t                <div  class=\"wppb-row-parent  wppb-row-1776924942312 \"  >\n\t\t\t\t\t\n\t\t\t\t\t\t\t\t\t\t\n\t\t\t\t\t\t\t\t\t\t\n\t\t\t\t\t<div class=\"wppb-container \">\n\t\t\t\t\t\t\t\t\t\t\t\t\t\n                        <div class=\"wppb-row\">\n\t\t\t\t\t\t\t                                    <div  class=\"wppb-column-parent wppb-column-parent-view wppb-col-1776924942313  \"  >\n                                        <div class=\"wppb-column\">\n\t\t\t\t\t\n\t\t\t\t\t\t\t\t\t\t\t\n                                            <div class=\"wppb-builder-addons\">\n\t\t\t\t\t\t\t\t\t\t\t\t<div class='wppb-builder-addon wppb-addon-1776924942314'  data-addon-id='1776924942314'><div class='wppb-addon'><div class=\"wppb-feature-box-addon\"><div class=\"wppb-feature-box-content\"><h3 class=\"wppb-feature-box-title\">Keresse:<\/h3><h4 class=\"wppb-feature-box-subtitle\">Bord\u00e1n Zsuzsanna<\/h4><div class=\"wppb-feature-box-intro\"><\/Br>\n+36 70 330 9157<\/Br>\nbordan.zsuzsanna@uvzrt.hu<\/div><\/div><\/div><\/div><\/div>                                            <\/div>\n                                        <\/div>\n                                    <\/div>\n\t\t\t\t\t\t\t\t\t                                    <div  class=\"wppb-column-parent wppb-column-parent-view wppb-col-1776924942315  \"  >\n                                        <div class=\"wppb-column\">\n\t\t\t\t\t\n\t\t\t\t\t\t\t\t\t\t\t\n                                            <div class=\"wppb-builder-addons\">\n\t\t\t\t\t\t\t\t\t\t\t\t                                            <\/div>\n                                        <\/div>\n                                    <\/div>\n\t\t\t\t\t\t\t\t\t                        <\/div>\n\n                    <\/div>\n                <\/div>\n\t\t\t\t                <div  class=\"wppb-row-parent \"  >\n\t\t\t\t\t\n\t\t\t\t\t\t\t\t\t\t\n\t\t\t\t\t\t\t\t\t\t\n\t\t\t\t\t<div class=\"wppb-container  wppb-row-1776924942306  wppb-container-row-default\">\n\t\t\t\t\t\t\t\t\t\t\t\t\t\n                        <div class=\"wppb-row\">\n\t\t\t\t\t\t\t                                    <div  class=\"wppb-column-parent wppb-column-parent-view wppb-col-1776924942307  \"  >\n                                        <div class=\"wppb-column\">\n\t\t\t\t\t\n\t\t\t\t\t\t\t\t\t\t\t\n                                            <div class=\"wppb-builder-addons\">\n\t\t\t\t\t\t\t\t\t\t\t\t<div class='wppb-builder-addon wppb-addon-1776924942308'  data-addon-id='1776924942308'><div class='wppb-addon'><div class=\"wppb-image-addon\"><figure class=\"wppb-image-addon-content-wrap\"><div class=\"wppb-image-addon-content wppb-imginlineblock\"><img decoding=\"async\" class=\"wppb-image-addon-img\" src=\"https:\/\/uvzrt.hu\/wp-content\/uploads\/2026\/04\/Virag13_kerekpartarolo2.jpg\" alt=\"Image\"><\/div><\/figure><\/div><\/div><\/div><div class='wppb-builder-addon wppb-addon-1777463524969'  data-addon-id='1777463524969'><div class='wppb-addon'><div class=\"wppb-image-addon\"><figure class=\"wppb-image-addon-content-wrap\"><div class=\"wppb-image-addon-content wppb-imginlineblock\"><img decoding=\"async\" class=\"wppb-image-addon-img\" src=\"https:\/\/uvzrt.hu\/wp-content\/uploads\/2026\/04\/Virag13_kerekpartarolo.jpg\" alt=\"Image\"><\/div><\/figure><\/div><\/div><\/div>                                            <\/div>\n                                        <\/div>\n                                    <\/div>\n\t\t\t\t\t\t\t\t\t                                    <div  class=\"wppb-column-parent wppb-column-parent-view wppb-col-1776924942309  \"  >\n                                        <div class=\"wppb-column\">\n\t\t\t\t\t\n\t\t\t\t\t\t\t\t\t\t\t\n                                            <div class=\"wppb-builder-addons\">\n\t\t\t\t\t\t\t\t\t\t\t\t<div class='wppb-builder-addon wppb-addon-1776924942310'  data-addon-id='1776924942310'><div class='wppb-addon'><div class=\"wppb-headline-addon\"><div class=\"wppb-headline-content\"><h2 class=\"wppb-addon-title\">Vir\u00e1g utca 13.<\/h2><\/div><\/div><\/div><\/div><div class='wppb-builder-addon wppb-addon-1776924942311'  data-addon-id='1776924942311'><div class='wppb-addon'><div class=\"wppb-feature-box-addon\"><div class=\"wppb-feature-box-content\"><h3 class=\"wppb-feature-box-title\">Az UV \u00dajpesti Vagyonkezel\u0151 Zrt. b\u00e9rbev\u00e9telre k\u00edn\u00e1lja a Vir\u00e1g utca 13. sz\u00e1m alatt tal\u00e1lhat\u00f3 k\u00f6z\u00f6ss\u00e9gi ker\u00e9kp\u00e1rt\u00e1rol\u00f3it.<\/h3><div class=\"wppb-feature-box-intro\">A 1042 Budapest, Vir\u00e1g utca 13. sz\u00e1m alatti panel\u00e9p\u00fclet f\u00f6ldszintj\u00e9n tal\u00e1lhat\u00f3 50 m\u00b2 ter\u00fclet\u0171 z\u00e1rt ker\u00e9kp\u00e1rt\u00e1rol\u00f3 30 db norm\u00e1l ker\u00e9kp\u00e1r \u00e9s 2 db Cargo ker\u00e9kp\u00e1r elhelyez\u00e9s\u00e9re alkalmas. <\/Br>\n\nA ker\u00e9kp\u00e1rok r\u00f6gz\u00edt\u00e9se U-alak\u00fa t\u00e1maszelemhez t\u00f6rt\u00e9nik, a b\u00e9rl\u0151 \u00e1ltal hozott lakat alkalmaz\u00e1s\u00e1val.<\/Br>\n\nA bel\u00e9ptet\u0151rendszer GSM-h\u00edv\u00e1ssal vez\u00e9relhet\u0151, amelyet a b\u00e9rl\u0151 jogosults\u00e1g alapj\u00e1n haszn\u00e1lhat.<\/Br>\n\n\n<b>A t\u00e1rol\u00f3t az \u00dajpesti Vagyon\u0151r Kft. kamerarendszere \u00e9s 24 \u00f3r\u00e1s diszp\u00e9cseri szolg\u00e1lata fel\u00fcgyeli.<\/b>\n<\/Br>\n<\/Br>\n\n\n<p style=\"color:red;\"><b>\nA t\u00e1rol\u00f3k kiz\u00e1r\u00f3lag ker\u00e9kp\u00e1rt\u00e1rol\u00e1s c\u00e9lj\u00e1ra vehet\u0151k b\u00e9rbe! <\/Br>\n<\/p><\/b>\n\n<\/b><\/Br>\nA ker\u00e9kp\u00e1rt\u00e1rol\u00f3k b\u00e9rbev\u00e9tel\u00e9vel kapcsolatos jelentkez\u00e9s leadhat\u00f3 a let\u00f6lt\u00f6tt nyomtatv\u00e1ny kit\u00f6lt\u00e9s\u00e9vel \u00edr\u00e1sban a <b>info@uvzrt.hu<\/b> e-mail c\u00edmen, vagy leadhat\u00f3 az UV Zrt. Munk\u00e1sotthon utca 66-68. sz\u00e1m alatti sz\u00e9kh\u00e1z\u00e1ban. \n<\/b>\n\n<\/Br><\/Br>\n\nA ker\u00e9kp\u00e1rt\u00e1rol\u00f3 m\u0171szaki hib\u00e1j\u00e1val kapcsolatban h\u00edvja a <b>06 30 377 0008<\/b> telefonsz\u00e1mot. vagy \u00e9szrev\u00e9tel\u00e9t k\u00fcldje a <b>kerekpartarolo@uvzrt.hu<\/b> e-mail c\u00edmre.\n\n\n<\/Br><\/Br>\n<\/div><\/div><\/div><\/div><\/div>                                            <\/div>\n                                        <\/div>\n                                    <\/div>\n\t\t\t\t\t\t\t\t\t                        <\/div>\n\n                    <\/div>\n                <\/div>\n\t\t\t\t                <div  class=\"wppb-row-parent  wppb-row-1778570054198 \"  >\n\t\t\t\t\t\n\t\t\t\t\t\t\t\t\t\t\n\t\t\t\t\t\t\t\t\t\t\n\t\t\t\t\t<div class=\"wppb-container \">\n\t\t\t\t\t\t\t\t\t\t\t\t\t\n                        <div class=\"wppb-row\">\n\t\t\t\t\t\t\t                                    <div  class=\"wppb-column-parent wppb-column-parent-view wppb-col-1778570054196  \"  >\n                                        <div class=\"wppb-column\">\n\t\t\t\t\t\n\t\t\t\t\t\t\t\t\t\t\t\n                                            <div class=\"wppb-builder-addons\">\n\t\t\t\t\t\t\t\t\t\t\t\t<div class='wppb-builder-addon wppb-addon-1776924942598'  data-addon-id='1776924942598'><div class='wppb-addon'><div class=\"wppb-addon wppb-button-addon\"><div class=\"wppb-button-addon-content\"><a rel=nofolow href=\"https:\/\/uvzrt.hu\/wp-content\/uploads\/2026\/04\/KEREKPARTAROLASI-SZERZODES-ADATBEKERO_2.pdf\" target=_blank class=\"wppb-btn-addons  wppb-btn-custom wppb-btn-rounded wppb-btn-custom wppb-btn-full-no\"><i class=\"far fa-file-pdf\"><\/i> ADATBEK\u00c9R\u0150 Nyomtatv\u00e1ny<\/a><\/div><\/div><\/div><\/div>                                            <\/div>\n                                        <\/div>\n                                    <\/div>\n\t\t\t\t\t\t\t\t\t                                    <div  class=\"wppb-column-parent wppb-column-parent-view wppb-col-1778570054197  \"  >\n                                        <div class=\"wppb-column\">\n\t\t\t\t\t\n\t\t\t\t\t\t\t\t\t\t\t\n                                            <div class=\"wppb-builder-addons\">\n\t\t\t\t\t\t\t\t\t\t\t\t<div class='wppb-builder-addon wppb-addon-1778570054201'  data-addon-id='1778570054201'><div class='wppb-addon'><div class=\"wppb-addon wppb-button-addon\"><div class=\"wppb-button-addon-content\"><a rel=nofolow href=\"https:\/\/uvzrt.hu\/wp-content\/uploads\/2026\/05\/Hazirend_Kerekpartarolo_v2.pdf\" target=_blank class=\"wppb-btn-addons  wppb-btn-custom wppb-btn-rounded wppb-btn-custom wppb-btn-full-no\"><i class=\"far fa-file-pdf\"><\/i> KER\u00c9KP\u00c1RT\u00c1ROL\u00d3 H\u00c1ZIREND<\/a><\/div><\/div><\/div><\/div>                                            <\/div>\n                                        <\/div>\n                                    <\/div>\n\t\t\t\t\t\t\t\t\t                        <\/div>\n\n                    <\/div>\n                <\/div>\n\t\t\t\t<\/div>","protected":false},"excerpt":{"rendered":"<p>B\u00e9relhet\u0151 ker\u00e9kp\u00e1rt\u00e1rol\u00f3k Keresse:Bord\u00e1n Zsuzsanna +36 70 330 9157 bordan.zsuzsanna@uvzrt.hu Vir\u00e1g utca 13.Az UV \u00dajpesti Vagyonkezel\u0151 Zrt. b\u00e9rbev\u00e9telre k\u00edn\u00e1lja a Vir\u00e1g utca 13. sz\u00e1m alatt tal\u00e1lhat\u00f3 k\u00f6z\u00f6ss\u00e9gi ker\u00e9kp\u00e1rt\u00e1rol\u00f3it.A 1042 Budapest, Vir\u00e1g utca 13. sz\u00e1m alatti panel\u00e9p\u00fclet f\u00f6ldszintj\u00e9n tal\u00e1lhat\u00f3 50 m\u00b2 ter\u00fclet\u0171 z\u00e1rt ker\u00e9kp\u00e1rt\u00e1rol\u00f3 30 db norm\u00e1l ker\u00e9kp\u00e1r \u00e9s 2 db Cargo ker\u00e9kp\u00e1r elhelyez\u00e9s\u00e9re alkalmas. A ker\u00e9kp\u00e1rok [&hellip;]<\/p>\n","protected":false},"author":1,"featured_media":0,"parent":0,"menu_order":0,"comment_status":"closed","ping_status":"closed","template":"","meta":{"footnotes":""},"class_list":["post-2322","page","type-page","status-publish","hentry"],"_links":{"self":[{"href":"https:\/\/uvzrt.hu\/index.php\/wp-json\/wp\/v2\/pages\/2322","targetHints":{"allow":["GET"]}}],"collection":[{"href":"https:\/\/uvzrt.hu\/index.php\/wp-json\/wp\/v2\/pages"}],"about":[{"href":"https:\/\/uvzrt.hu\/index.php\/wp-json\/wp\/v2\/types\/page"}],"author":[{"embeddable":true,"href":"https:\/\/uvzrt.hu\/index.php\/wp-json\/wp\/v2\/users\/1"}],"replies":[{"embeddable":true,"href":"https:\/\/uvzrt.hu\/index.php\/wp-json\/wp\/v2\/comments?post=2322"}],"version-history":[{"count":3,"href":"https:\/\/uvzrt.hu\/index.php\/wp-json\/wp\/v2\/pages\/2322\/revisions"}],"predecessor-version":[{"id":2345,"href":"https:\/\/uvzrt.hu\/index.php\/wp-json\/wp\/v2\/pages\/2322\/revisions\/2345"}],"wp:attachment":[{"href":"https:\/\/uvzrt.hu\/index.php\/wp-json\/wp\/v2\/media?parent=2322"}],"curies":[{"name":"wp","href":"https:\/\/api.w.org\/{rel}","templated":true}]}}