{"id":2175,"date":"2025-08-29T12:10:49","date_gmt":"2025-08-29T10:10:49","guid":{"rendered":"https:\/\/uvzrt.hu\/?page_id=2175"},"modified":"2025-08-29T12:55:34","modified_gmt":"2025-08-29T10:55:34","slug":"berbeado-kontener-tarolok","status":"publish","type":"page","link":"https:\/\/uvzrt.hu\/index.php\/berbeado-kontener-tarolok\/","title":{"rendered":"B\u00e9rbead\u00f3 Kont\u00e9ner T\u00e1rol\u00f3k"},"content":{"rendered":"<div id=\"wppb-builder-container\" class=\"wppb-builder-container\">                <div  class=\"wppb-row-parent  wppb-row-1756462583100 \"  >\n\t\t\t\t\t\n\t\t\t\t\t\t\t\t\t\t\n\t\t\t\t\t\t\t\t\t\t\n\t\t\t\t\t<div class=\"wppb-container \">\n\t\t\t\t\t\t\t\t\t\t\t\t\t\n                        <div class=\"wppb-row\">\n\t\t\t\t\t\t\t                                    <div  class=\"wppb-column-parent wppb-column-parent-view wppb-col-1756462583101  \"  >\n                                        <div class=\"wppb-column\">\n\t\t\t\t\t\n\t\t\t\t\t\t\t\t\t\t\t\n                                            <div class=\"wppb-builder-addons\">\n\t\t\t\t\t\t\t\t\t\t\t\t                                            <\/div>\n                                        <\/div>\n                                    <\/div>\n\t\t\t\t\t\t\t\t\t                        <\/div>\n\n                    <\/div>\n                <\/div>\n\t\t\t\t                <div  class=\"wppb-row-parent  wppb-row-1756462583102 \"  >\n\t\t\t\t\t\n\t\t\t\t\t\t\t\t\t\t\n\t\t\t\t\t\t\t\t\t\t\n\t\t\t\t\t<div class=\"wppb-container \">\n\t\t\t\t\t\t\t\t\t\t\t\t\t\n                        <div class=\"wppb-row\">\n\t\t\t\t\t\t\t                                    <div  class=\"wppb-column-parent wppb-column-parent-view wppb-col-1756462583103  \"  >\n                                        <div class=\"wppb-column\">\n\t\t\t\t\t\n\t\t\t\t\t\t\t\t\t\t\t\n                                            <div class=\"wppb-builder-addons\">\n\t\t\t\t\t\t\t\t\t\t\t\t<div class='wppb-builder-addon wppb-addon-1756462583104'  data-addon-id='1756462583104'><div class='wppb-addon'><div class=\"wppb-headline-addon\"><div class=\"wppb-headline-content\"><h2 class=\"wppb-addon-title\">B\u00e9relhet\u0151 kont\u00e9ner t\u00e1rol\u00f3k<\/h2><\/div><\/div><\/div><\/div>                                            <\/div>\n                                        <\/div>\n                                    <\/div>\n\t\t\t\t\t\t\t\t\t                        <\/div>\n\n                    <\/div>\n                <\/div>\n\t\t\t\t                <div  class=\"wppb-row-parent  wppb-row-1756462583105 \"  >\n\t\t\t\t\t\n\t\t\t\t\t\t\t\t\t\t\n\t\t\t\t\t\t\t\t\t\t\n\t\t\t\t\t<div class=\"wppb-container \">\n\t\t\t\t\t\t\t\t\t\t\t\t\t\n                        <div class=\"wppb-row\">\n\t\t\t\t\t\t\t                                    <div  class=\"wppb-column-parent wppb-column-parent-view wppb-col-1756462583106  \"  >\n                                        <div class=\"wppb-column\">\n\t\t\t\t\t\n\t\t\t\t\t\t\t\t\t\t\t\n                                            <div class=\"wppb-builder-addons\">\n\t\t\t\t\t\t\t\t\t\t\t\t<div class='wppb-builder-addon wppb-addon-1756462583107'  data-addon-id='1756462583107'><div class='wppb-addon'><div class=\"wppb-feature-box-addon\"><div class=\"wppb-feature-box-content\"><h3 class=\"wppb-feature-box-title\">Keresse:<\/h3><h4 class=\"wppb-feature-box-subtitle\">B\u00e9res Di\u00e1na<\/h4><div class=\"wppb-feature-box-intro\">+36 30 400 9963<\/Br>\nberes.diana@uvzrt.hu<\/div><\/div><\/div><\/div><\/div>                                            <\/div>\n                                        <\/div>\n                                    <\/div>\n\t\t\t\t\t\t\t\t\t                                    <div  class=\"wppb-column-parent wppb-column-parent-view wppb-col-1756462583108  \"  >\n                                        <div class=\"wppb-column\">\n\t\t\t\t\t\n\t\t\t\t\t\t\t\t\t\t\t\n                                            <div class=\"wppb-builder-addons\">\n\t\t\t\t\t\t\t\t\t\t\t\t                                            <\/div>\n                                        <\/div>\n                                    <\/div>\n\t\t\t\t\t\t\t\t\t                        <\/div>\n\n                    <\/div>\n                <\/div>\n\t\t\t\t                <div  class=\"wppb-row-parent \"  >\n\t\t\t\t\t\n\t\t\t\t\t\t\t\t\t\t\n\t\t\t\t\t\t\t\t\t\t\n\t\t\t\t\t<div class=\"wppb-container  wppb-row-1756462583109  wppb-container-row-default\">\n\t\t\t\t\t\t\t\t\t\t\t\t\t\n                        <div class=\"wppb-row\">\n\t\t\t\t\t\t\t                                    <div  class=\"wppb-column-parent wppb-column-parent-view wppb-col-1756462583110  \"  >\n                                        <div class=\"wppb-column\">\n\t\t\t\t\t\n\t\t\t\t\t\t\t\t\t\t\t\n                                            <div class=\"wppb-builder-addons\">\n\t\t\t\t\t\t\t\t\t\t\t\t<div class='wppb-builder-addon wppb-addon-1756462583111'  data-addon-id='1756462583111'><div class='wppb-addon'><div class=\"wppb-image-addon\"><figure class=\"wppb-image-addon-content-wrap\"><div class=\"wppb-image-addon-content wppb-imginlineblock\"><img decoding=\"async\" class=\"wppb-image-addon-img\" src=\"https:\/\/uvzrt.hu\/wp-content\/uploads\/2023\/03\/rpy48m29K.jpg\" alt=\"Image\"><\/div><\/figure><\/div><\/div><\/div>                                            <\/div>\n                                        <\/div>\n                                    <\/div>\n\t\t\t\t\t\t\t\t\t                                    <div  class=\"wppb-column-parent wppb-column-parent-view wppb-col-1756462583112  \"  >\n                                        <div class=\"wppb-column\">\n\t\t\t\t\t\n\t\t\t\t\t\t\t\t\t\t\t\n                                            <div class=\"wppb-builder-addons\">\n\t\t\t\t\t\t\t\t\t\t\t\t<div class='wppb-builder-addon wppb-addon-1756462583113'  data-addon-id='1756462583113'><div class='wppb-addon'><div class=\"wppb-headline-addon\"><div class=\"wppb-headline-content\"><h2 class=\"wppb-addon-title\">F\u00f3ti \u00fat 15.<\/h2><\/div><\/div><\/div><\/div><div class='wppb-builder-addon wppb-addon-1756462583114'  data-addon-id='1756462583114'><div class='wppb-addon'><div class=\"wppb-feature-box-addon\"><div class=\"wppb-feature-box-content\"><h3 class=\"wppb-feature-box-title\">Az UV \u00dajpesti Vagyonkezel\u0151 Zrt. b\u00e9rbev\u00e9telre k\u00edn\u00e1lja a F\u00f3ti \u00fat 15. sz\u00e1m alatt tal\u00e1lhat\u00f3 kont\u00e9ner t\u00e1rol\u00f3it.<\/h3><div class=\"wppb-feature-box-intro\">\n\n\n\n<b> A t\u00e1rol\u00f3k param\u00e9terei:<\/Br><\/b>\n\n\n\n- K\u00fcls\u0151 m\u00e9retek: H*SZ*M 6 m*2,4 m*2,6 m<\/Br>\n- Bels\u0151 m\u00e9retek: H*SZ*M 6 m*2,4 m*2,3 m<\/Br>\n- Ajt\u00f3sz\u00e9less\u00e9g: 2,34 m<\/Br>\n- Teherb\u00edr\u00e1s: 1,7t\/m2<\/Br>\n- Bels\u0151 ter\u00fclet: 14 m2 <\/Br>\n- Bels\u0151 k\u00f6btartalom: 33,2 m3<\/Br><\/Br>\n\n<p style=\"color:red;\"><b>\nA kont\u00e9ner t\u00e1rol\u00f3k kiz\u00e1r\u00f3lag t\u00e1rol\u00e1s c\u00e9lj\u00e1ra vehet\u0151k b\u00e9rbe! <\/Br>\nJelenleg minden Kont\u00e9nert\u00e1rol\u00f3nk ki van adva<\/p><\/b>\n\n<\/b><\/Br>\nA kont\u00e9ner t\u00e1rol\u00f3k b\u00e9rbev\u00e9tel\u00e9vel kapcsolatos jelentkez\u00e9s leadhat\u00f3 \u00edr\u00e1sban az <b>info@uvzrt.hu<\/b> e-mail c\u00edmen, vagy az UV Zrt. Munk\u00e1sotthon utca 66-68. sz\u00e1m alatti sz\u00e9kh\u00e1z\u00e1ban. A t\u00e1rol\u00f3k els\u0151dlegesen 1 \u00e9vre kiad\u00f3k, de ak\u00e1r r\u00f6videbb t\u00e1vra is b\u00e9rbe vehet\u0151k. Az \u00e1rakr\u00f3l, illetve a b\u00e9rbev\u00e9tel felt\u00e9teleir\u0151l \u00e9rdekl\u0151dni h\u00e9tk\u00f6znapokon, munkaid\u0151ben az al\u00e1bbi telefonsz\u00e1mokon lehet:\n<\/b>\n<\/Br><\/Br><\/div><\/div><\/div><\/div><\/div>                                            <\/div>\n                                        <\/div>\n                                    <\/div>\n\t\t\t\t\t\t\t\t\t                        <\/div>\n\n                    <\/div>\n                <\/div>\n\t\t\t\t                <div  class=\"wppb-row-parent  wppb-row-1756462583099 \"  >\n\t\t\t\t\t\n\t\t\t\t\t\t\t\t\t\t\n\t\t\t\t\t\t\t\t\t\t\n\t\t\t\t\t<div class=\"wppb-container \">\n\t\t\t\t\t\t\t\t\t\t\t\t\t\n                        <div class=\"wppb-row\">\n\t\t\t\t\t\t\t                                    <div  class=\"wppb-column-parent wppb-column-parent-view wppb-col-1756462583098  \"  >\n                                        <div class=\"wppb-column\">\n\t\t\t\t\t\n\t\t\t\t\t\t\t\t\t\t\t\n                                            <div class=\"wppb-builder-addons\">\n\t\t\t\t\t\t\t\t\t\t\t\t                                            <\/div>\n                                        <\/div>\n                                    <\/div>\n\t\t\t\t\t\t\t\t\t                        <\/div>\n\n                    <\/div>\n                <\/div>\n\t\t\t\t<\/div>","protected":false},"excerpt":{"rendered":"<p>B\u00e9relhet\u0151 kont\u00e9ner t\u00e1rol\u00f3k Keresse:B\u00e9res Di\u00e1na+36 30 400 9963 beres.diana@uvzrt.hu F\u00f3ti \u00fat 15.Az UV \u00dajpesti Vagyonkezel\u0151 Zrt. b\u00e9rbev\u00e9telre k\u00edn\u00e1lja a F\u00f3ti \u00fat 15. sz\u00e1m alatt tal\u00e1lhat\u00f3 kont\u00e9ner t\u00e1rol\u00f3it. A t\u00e1rol\u00f3k param\u00e9terei: &#8211; K\u00fcls\u0151 m\u00e9retek: H*SZ*M 6 m*2,4 m*2,6 m &#8211; Bels\u0151 m\u00e9retek: H*SZ*M 6 m*2,4 m*2,3 m &#8211; Ajt\u00f3sz\u00e9less\u00e9g: 2,34 m &#8211; Teherb\u00edr\u00e1s: 1,7t\/m2 &#8211; Bels\u0151 [&hellip;]<\/p>\n","protected":false},"author":1,"featured_media":0,"parent":0,"menu_order":0,"comment_status":"closed","ping_status":"closed","template":"","meta":{"footnotes":""},"class_list":["post-2175","page","type-page","status-publish","hentry"],"_links":{"self":[{"href":"https:\/\/uvzrt.hu\/index.php\/wp-json\/wp\/v2\/pages\/2175","targetHints":{"allow":["GET"]}}],"collection":[{"href":"https:\/\/uvzrt.hu\/index.php\/wp-json\/wp\/v2\/pages"}],"about":[{"href":"https:\/\/uvzrt.hu\/index.php\/wp-json\/wp\/v2\/types\/page"}],"author":[{"embeddable":true,"href":"https:\/\/uvzrt.hu\/index.php\/wp-json\/wp\/v2\/users\/1"}],"replies":[{"embeddable":true,"href":"https:\/\/uvzrt.hu\/index.php\/wp-json\/wp\/v2\/comments?post=2175"}],"version-history":[{"count":1,"href":"https:\/\/uvzrt.hu\/index.php\/wp-json\/wp\/v2\/pages\/2175\/revisions"}],"predecessor-version":[{"id":2177,"href":"https:\/\/uvzrt.hu\/index.php\/wp-json\/wp\/v2\/pages\/2175\/revisions\/2177"}],"wp:attachment":[{"href":"https:\/\/uvzrt.hu\/index.php\/wp-json\/wp\/v2\/media?parent=2175"}],"curies":[{"name":"wp","href":"https:\/\/api.w.org\/{rel}","templated":true}]}}