{"id":2018,"date":"2025-01-09T10:18:32","date_gmt":"2025-01-09T08:18:32","guid":{"rendered":"https:\/\/uvzrt.hu\/?page_id=2018"},"modified":"2025-01-09T10:18:33","modified_gmt":"2025-01-09T08:18:33","slug":"visszaeles-bejelento","status":"publish","type":"page","link":"https:\/\/uvzrt.hu\/index.php\/visszaeles-bejelento\/","title":{"rendered":"Vissza\u00e9l\u00e9s-bejelent\u0151"},"content":{"rendered":"<div id=\"wppb-builder-container\" class=\"wppb-builder-container\">                <div  class=\"wppb-row-parent  wppb-row-1736410002425 \"  >\n\t\t\t\t\t\n\t\t\t\t\t\t\t\t\t\t\n\t\t\t\t\t\t\t\t\t\t\n\t\t\t\t\t<div class=\"wppb-container \">\n\t\t\t\t\t\t\t\t\t\t\t\t\t\n                        <div class=\"wppb-row\">\n\t\t\t\t\t\t\t                                    <div  class=\"wppb-column-parent wppb-column-parent-view wppb-col-1736410002426  \"  >\n                                        <div class=\"wppb-column\">\n\t\t\t\t\t\n\t\t\t\t\t\t\t\t\t\t\t\n                                            <div class=\"wppb-builder-addons\">\n\t\t\t\t\t\t\t\t\t\t\t\t<div class='wppb-builder-addon wppb-addon-1736410002429'  data-addon-id='1736410002429'><div class='wppb-addon'><div class=\"wppb-headline-addon\"><div class=\"wppb-headline-content\"><h2 class=\"wppb-addon-title\"><\/h2><\/div><\/div><\/div><\/div><div class='wppb-builder-addon wppb-addon-1736410002430'  data-addon-id='1736410002430'><div class='wppb-addon'><div class=\"wppb-headline-addon\"><div class=\"wppb-headline-content\"><h2 class=\"wppb-addon-title\">T\u00e1j\u00e9koztat\u00f3\n<\/h2><\/div><\/div><\/div><\/div><div class='wppb-builder-addon wppb-addon-1736410002431'  data-addon-id='1736410002431'><div class='wppb-addon'><div class=\"wppb-price-list-addon\"><div class=\"wppb-price-list-addon-content\"><div class=\"wppb-price-list-item repeater-0\"><div class=\"wppb-price-list-wrap wppb-price-align-left wppb-price-list-with_right\"><div class=\"wppb-price-list-media wppb-price-list-icon\"><i class=\"far fa-file-pdf\"><\/i><\/div><div class=\"wppb-price-list-content\"><div class=\"wppb-price-list-head\"><span class=\"wppb-price-list-title\"><a rel=nofolow href=\"https:\/\/uvzrt.hu\/wp-content\/uploads\/2025\/01\/Tajekoztato_visszaeles_bejelentes.pdf\" target=_self>T\u00e1j\u00e9koztat\u00f3 vissza\u00e9l\u00e9s-bejelent\u0151 rendszerr\u0151l<\/a><\/span><span class=\"wppb-pricelist-price-content\"><\/span><\/div><\/div><\/div><\/div><\/div><\/div><\/div><\/div><div class='wppb-builder-addon wppb-addon-1736410002432'  data-addon-id='1736410002432'><div class='wppb-addon'><div class=\"wppb-headline-addon\"><div class=\"wppb-headline-content\"><h2 class=\"wppb-addon-title\">\n<\/h2><\/div><\/div><\/div><\/div><div class='wppb-builder-addon wppb-addon-1736410002433'  data-addon-id='1736410002433'><div class='wppb-addon'><div class=\"wppb-headline-addon\"><div class=\"wppb-headline-content\"><h2 class=\"wppb-addon-title\">Szab\u00e1lyzat<\/h2><\/div><\/div><\/div><\/div><div class='wppb-builder-addon wppb-addon-1736410002434'  data-addon-id='1736410002434'><div class='wppb-addon'><div class=\"wppb-price-list-addon\"><div class=\"wppb-price-list-addon-content\"><div class=\"wppb-price-list-item repeater-0\"><div class=\"wppb-price-list-wrap wppb-price-align-left wppb-price-list-with_right\"><div class=\"wppb-price-list-media wppb-price-list-icon\"><i class=\"far fa-file-pdf\"><\/i><\/div><div class=\"wppb-price-list-content\"><div class=\"wppb-price-list-head\"><span class=\"wppb-price-list-title\"><a rel=nofolow href=\"https:\/\/uvzrt.hu\/wp-content\/uploads\/2025\/01\/UV_Zrt_Belso_visszaeles_bejelento_rendszer_szabalyzat.pdf\" target=_self>UV Zrt. bels\u0151 vissza\u00e9l\u00e9s-bejelent\u0151 rendszer szab\u00e1lyzat<\/a><\/span><span class=\"wppb-pricelist-price-content\"><\/span><\/div><\/div><\/div><\/div><\/div><\/div><\/div><\/div><div class='wppb-builder-addon wppb-addon-1736410002435'  data-addon-id='1736410002435'><div class='wppb-addon'><div class=\"wppb-price-list-addon\"><div class=\"wppb-price-list-addon-content\"><\/div><\/div><\/div><\/div><div class='wppb-builder-addon wppb-addon-1736410002436'  data-addon-id='1736410002436'><div class='wppb-addon'><div class=\"wppb-headline-addon\"><div class=\"wppb-headline-content\"><h2 class=\"wppb-addon-title\">\nAdatkezel\u00e9si t\u00e1j\u00e9koztat\u00f3<\/h2><\/div><\/div><\/div><\/div><div class='wppb-builder-addon wppb-addon-1736410002437'  data-addon-id='1736410002437'><div class='wppb-addon'><div class=\"wppb-price-list-addon\"><div class=\"wppb-price-list-addon-content\"><div class=\"wppb-price-list-item repeater-0\"><div class=\"wppb-price-list-wrap wppb-price-align-left wppb-price-list-with_right\"><div class=\"wppb-price-list-media wppb-price-list-icon\"><i class=\"far fa-file-pdf\"><\/i><\/div><div class=\"wppb-price-list-content\"><div class=\"wppb-price-list-head\"><span class=\"wppb-price-list-title\"><a rel=nofolow href=\"https:\/\/uvzrt.hu\/wp-content\/uploads\/2025\/12\/Adatkezelesi-Tajekoztato-Belso-Visszaeles-Bejelentesi-Rendszer-2025.pdf\" target=_self>Adatkezel\u00e9si t\u00e1j\u00e9koztat\u00f3 a bels\u0151 vissza\u00e9l\u00e9s-bejelent\u00e9si rendszerhez kapcsol\u00f3d\u00f3 adatkezel\u00e9shez<\/a><\/span><span class=\"wppb-pricelist-price-content\"><\/span><\/div><\/div><\/div><\/div><\/div><\/div><\/div><\/div><div class='wppb-builder-addon wppb-addon-1736410002438'  data-addon-id='1736410002438'><div class='wppb-addon'><div class=\"wppb-price-list-addon\"><div class=\"wppb-price-list-addon-content\"><\/div><\/div><\/div><\/div><div class='wppb-builder-addon wppb-addon-1736410002439'  data-addon-id='1736410002439'><div class='wppb-addon'><div class=\"wppb-headline-addon\"><div class=\"wppb-headline-content\"><h2 class=\"wppb-addon-title\">Nyomtatv\u00e1ny<\/h2><\/div><\/div><\/div><\/div><div class='wppb-builder-addon wppb-addon-1736410002440'  data-addon-id='1736410002440'><div class='wppb-addon'><div class=\"wppb-price-list-addon\"><div class=\"wppb-price-list-addon-content\"><div class=\"wppb-price-list-item repeater-0\"><div class=\"wppb-price-list-wrap wppb-price-align-left wppb-price-list-with_right\"><div class=\"wppb-price-list-media wppb-price-list-icon\"><i class=\"far fa-file-pdf\"><\/i><\/div><div class=\"wppb-price-list-content\"><div class=\"wppb-price-list-head\"><span class=\"wppb-price-list-title\"><a rel=nofolow href=\"https:\/\/uvzrt.hu\/wp-content\/uploads\/2025\/01\/Nyomtatvany_irasbeli_visszaeles_bejelenteshez.pdf\" target=_self>Nyomtatv\u00e1ny \u00edr\u00e1sbeli visszaeles bejelenteshez<\/a><\/span><span class=\"wppb-pricelist-price-content\"><\/span><\/div><\/div><\/div><\/div><\/div><\/div><\/div><\/div><div class='wppb-builder-addon wppb-addon-1736410002443'  data-addon-id='1736410002443'><div class='wppb-addon'><div class=\"wppb-price-list-addon\"><div class=\"wppb-price-list-addon-content\"><\/div><\/div><\/div><\/div>                                            <\/div>\n                                        <\/div>\n                                    <\/div>\n\t\t\t\t\t\t\t\t\t                                    <div  class=\"wppb-column-parent wppb-column-parent-view wppb-col-1736410002444  \"  >\n                                        <div class=\"wppb-column\">\n\t\t\t\t\t\n\t\t\t\t\t\t\t\t\t\t\t\n                                            <div class=\"wppb-builder-addons\">\n\t\t\t\t\t\t\t\t\t\t\t\t<div class='wppb-builder-addon wppb-addon-1736410002445'  data-addon-id='1736410002445'><div class='wppb-addon'><div class=\"wppb-text-block-addon\"><div class=\"wppb-text-block-content 0\"><p><img loading=\"lazy\" decoding=\"async\" class=\"alignnone wp-image-409\" src=\"https:\/\/uvzrt.hu\/wp-content\/uploads\/2020\/11\/042-interface-300x300.png\" alt=\"\" width=\"144\" height=\"144\" srcset=\"https:\/\/uvzrt.hu\/wp-content\/uploads\/2020\/11\/042-interface-300x300.png 300w, https:\/\/uvzrt.hu\/wp-content\/uploads\/2020\/11\/042-interface-150x150.png 150w, https:\/\/uvzrt.hu\/wp-content\/uploads\/2020\/11\/042-interface.png 512w\" sizes=\"auto, (max-width: 144px) 100vw, 144px\" \/><\/p><\/div><\/div><\/div><\/div>                                            <\/div>\n                                        <\/div>\n                                    <\/div>\n\t\t\t\t\t\t\t\t\t                        <\/div>\n\n                    <\/div>\n                <\/div>\n\t\t\t\t<\/div>","protected":false},"excerpt":{"rendered":"<p>T\u00e1j\u00e9koztat\u00f3 T\u00e1j\u00e9koztat\u00f3 vissza\u00e9l\u00e9s-bejelent\u0151 rendszerr\u0151l Szab\u00e1lyzatUV Zrt. bels\u0151 vissza\u00e9l\u00e9s-bejelent\u0151 rendszer szab\u00e1lyzat Adatkezel\u00e9si t\u00e1j\u00e9koztat\u00f3Adatkezel\u00e9si t\u00e1j\u00e9koztat\u00f3 a bels\u0151 vissza\u00e9l\u00e9s-bejelent\u00e9si rendszerhez kapcsol\u00f3d\u00f3 adatkezel\u00e9shezNyomtatv\u00e1nyNyomtatv\u00e1ny \u00edr\u00e1sbeli visszaeles bejelenteshez<\/p>\n","protected":false},"author":1,"featured_media":0,"parent":0,"menu_order":0,"comment_status":"closed","ping_status":"closed","template":"","meta":{"footnotes":""},"class_list":["post-2018","page","type-page","status-publish","hentry"],"_links":{"self":[{"href":"https:\/\/uvzrt.hu\/index.php\/wp-json\/wp\/v2\/pages\/2018","targetHints":{"allow":["GET"]}}],"collection":[{"href":"https:\/\/uvzrt.hu\/index.php\/wp-json\/wp\/v2\/pages"}],"about":[{"href":"https:\/\/uvzrt.hu\/index.php\/wp-json\/wp\/v2\/types\/page"}],"author":[{"embeddable":true,"href":"https:\/\/uvzrt.hu\/index.php\/wp-json\/wp\/v2\/users\/1"}],"replies":[{"embeddable":true,"href":"https:\/\/uvzrt.hu\/index.php\/wp-json\/wp\/v2\/comments?post=2018"}],"version-history":[{"count":4,"href":"https:\/\/uvzrt.hu\/index.php\/wp-json\/wp\/v2\/pages\/2018\/revisions"}],"predecessor-version":[{"id":2026,"href":"https:\/\/uvzrt.hu\/index.php\/wp-json\/wp\/v2\/pages\/2018\/revisions\/2026"}],"wp:attachment":[{"href":"https:\/\/uvzrt.hu\/index.php\/wp-json\/wp\/v2\/media?parent=2018"}],"curies":[{"name":"wp","href":"https:\/\/api.w.org\/{rel}","templated":true}]}}