{"id":1673,"date":"2023-09-14T13:18:36","date_gmt":"2023-09-14T11:18:36","guid":{"rendered":"https:\/\/uvzrt.hu\/?page_id=1673"},"modified":"2023-09-14T14:27:22","modified_gmt":"2023-09-14T12:27:22","slug":"kezelt-hazaink","status":"publish","type":"page","link":"https:\/\/uvzrt.hu\/index.php\/kezelt-hazaink\/","title":{"rendered":"Kezelt h\u00e1zaink"},"content":{"rendered":"<div id=\"wppb-builder-container\" class=\"wppb-builder-container\">                <div  class=\"wppb-row-parent  wppb-row-1694690393151 \"  >\n\t\t\t\t\t\n\t\t\t\t\t\t\t\t\t\t\n\t\t\t\t\t\t\t\t\t\t\n\t\t\t\t\t<div class=\"wppb-container \">\n\t\t\t\t\t\t\t\t\t\t\t\t\t\n                        <div class=\"wppb-row\">\n\t\t\t\t\t\t\t                                    <div  class=\"wppb-column-parent wppb-column-parent-view wppb-col-1694690393152  \"  >\n                                        <div class=\"wppb-column\">\n\t\t\t\t\t\n\t\t\t\t\t\t\t\t\t\t\t\n                                            <div class=\"wppb-builder-addons\">\n\t\t\t\t\t\t\t\t\t\t\t\t                                            <\/div>\n                                        <\/div>\n                                    <\/div>\n\t\t\t\t\t\t\t\t\t                                    <div  class=\"wppb-column-parent wppb-column-parent-view wppb-col-1694690393153  \"  >\n                                        <div class=\"wppb-column\">\n\t\t\t\t\t\n\t\t\t\t\t\t\t\t\t\t\t\n                                            <div class=\"wppb-builder-addons\">\n\t\t\t\t\t\t\t\t\t\t\t\t<div class='wppb-builder-addon wppb-addon-1694690393154'  data-addon-id='1694690393154'><div class='wppb-addon'><div class=\"wppb-feature-box-addon\"><div class=\"wppb-feature-box-content\"><\/div><\/div><\/div><\/div>                                            <\/div>\n                                        <\/div>\n                                    <\/div>\n\t\t\t\t\t\t\t\t\t                        <\/div>\n\n                    <\/div>\n                <\/div>\n\t\t\t\t                <div  class=\"wppb-row-parent  wppb-row-1694690392135 \"  >\n\t\t\t\t\t\n\t\t\t\t\t\t\t\t\t\t\n\t\t\t\t\t\t\t\t\t\t\n\t\t\t\t\t<div class=\"wppb-container \">\n\t\t\t\t\t\t\t\t\t\t\t\t\t\n                        <div class=\"wppb-row\">\n\t\t\t\t\t\t\t                                    <div  class=\"wppb-column-parent wppb-column-parent-view wppb-col-1694690392134  \"  >\n                                        <div class=\"wppb-column\">\n\t\t\t\t\t\n\t\t\t\t\t\t\t\t\t\t\t\n                                            <div class=\"wppb-builder-addons\">\n\t\t\t\t\t\t\t\t\t\t\t\t                                            <\/div>\n                                        <\/div>\n                                    <\/div>\n\t\t\t\t\t\t\t\t\t                        <\/div>\n\n                    <\/div>\n                <\/div>\n\t\t\t\t                <div  class=\"wppb-row-parent \"  >\n\t\t\t\t\t\n\t\t\t\t\t\t\t\t\t\t\n\t\t\t\t\t\t\t\t\t\t\n\t\t\t\t\t<div class=\"wppb-container  wppb-row-1767689592058  wppb-container-row-default\">\n\t\t\t\t\t\t\t\t\t\t\t\t\t\n                        <div class=\"wppb-row\">\n\t\t\t\t\t\t\t                                    <div  class=\"wppb-column-parent wppb-column-parent-view wppb-col-1767689592059  \"  >\n                                        <div class=\"wppb-column\">\n\t\t\t\t\t\n\t\t\t\t\t\t\t\t\t\t\t\n                                            <div class=\"wppb-builder-addons\">\n\t\t\t\t\t\t\t\t\t\t\t\t<div class='wppb-builder-addon wppb-addon-1767689592060'  data-addon-id='1767689592060'><div class='wppb-addon'><div class=\"wppb-image-addon\"><figure class=\"wppb-image-addon-content-wrap\"><div class=\"wppb-image-addon-content wppb-imginlineblock\"><img decoding=\"async\" class=\"wppb-image-addon-img\" src=\"https:\/\/uvzrt.hu\/wp-content\/uploads\/2021\/06\/uvzrtW2.jpg\" alt=\"Image\"><\/div><\/figure><\/div><\/div><\/div>                                            <\/div>\n                                        <\/div>\n                                    <\/div>\n\t\t\t\t\t\t\t\t\t                                    <div  class=\"wppb-column-parent wppb-column-parent-view wppb-col-1767689592061  \"  >\n                                        <div class=\"wppb-column\">\n\t\t\t\t\t\n\t\t\t\t\t\t\t\t\t\t\t\n                                            <div class=\"wppb-builder-addons\">\n\t\t\t\t\t\t\t\t\t\t\t\t<div class='wppb-builder-addon wppb-addon-1767689592062'  data-addon-id='1767689592062'><div class='wppb-addon'><div class=\"wppb-feature-box-addon\"><div class=\"wppb-feature-box-content\"><h3 class=\"wppb-feature-box-title\">R\u00f3lunk<\/h3><div class=\"wppb-feature-box-intro\">C\u00e9g\u00fcnk k\u00f6z\u00f6s k\u00e9pviseleti tev\u00e9kenys\u00e9g\u00e9t sz\u00e1mos, szakir\u00e1ny\u00fa v\u00e9gzetts\u00e9ggel rendelkez\u0151, t\u00f6bb \u00e9vtizedes tapasztalattal b\u00edr\u00f3 t\u00e1rsash\u00e1zkezel\u0151kb\u0151l \u00e1ll\u00f3 csapat l\u00e1tja el. Munk\u00e1nk sor\u00e1n kiemelt figyelmet ford\u00edtunk arra, hogy a t\u00e1rsash\u00e1zi \u00fcgyek minden esetben jogszer\u0171en, \u00e1tl\u00e1that\u00f3an \u00e9s magas szakmai sz\u00ednvonalon ker\u00fcljenek elv\u00e9gz\u00e9sre.\n<\/Br><\/Br>\nAz \u00e9vek sor\u00e1n sz\u00e1mos olyan t\u00e1rsash\u00e1z k\u00f6z\u00f6s k\u00e9pviselet\u00e9t vett\u00fck \u00e1t, amelyek m\u00e1r jelent\u0151s m\u0171k\u00f6d\u00e9si \u00e9s gazd\u00e1lkod\u00e1si probl\u00e9m\u00e1kkal terhelten ker\u00fcltek hozz\u00e1nk.\n<\/Br><\/Br>\nTapasztalt csapatunk seg\u00edts\u00e9g\u00e9vel sikeresen k\u00e9pviselt\u00fck a r\u00e1nk b\u00edzott t\u00e1rsash\u00e1zakat peres \u00e9s t\u00f6rv\u00e9nyess\u00e9gi elj\u00e1r\u00e1sokban; sikeresen kezelt\u00fcnk kor\u00e1bban figyelmen k\u00edv\u00fcl hagyott m\u0171szaki hi\u00e1nyoss\u00e1gokat, melyek \u00e9let- \u00e9s vagyonbiztons\u00e1gi kock\u00e1zatot jelentettek, de t\u00f6bb, p\u00e9nz\u00fcgyileg kedvez\u0151tlen helyzetben l\u00e9v\u0151 t\u00e1rsash\u00e1z gazd\u00e1lkod\u00e1s\u00e1t tett\u00fck \u00e1tl\u00e1that\u00f3v\u00e1, \u00e9s stabiliz\u00e1ltuk m\u0171k\u00f6d\u00e9s\u00e9t.\n<\/Br><\/Br>\nEr\u0151s szakmai \u00e9s szervezeti h\u00e1tter\u00fcnknek k\u00f6sz\u00f6nhet\u0151en sz\u00e1mos olyan feladatot is d\u00edjmentesen tudunk ell\u00e1tni, amelyek\u00e9rt m\u00e1s k\u00f6z\u00f6s k\u00e9pviseletek jellemz\u0151en k\u00fcl\u00f6n d\u00edjaz\u00e1st sz\u00e1m\u00edtanak fel a t\u00e1rsash\u00e1zak r\u00e9sz\u00e9re. M\u0171k\u00f6d\u00e9s\u00fcnk alappill\u00e9reit az \u00e1tl\u00e1that\u00f3s\u00e1g, a folyamatos \u00e9s \u00e9rdemi kommunik\u00e1ci\u00f3, valamint a sz\u00e9lesk\u00f6r\u0171 szak\u00e9rtelem adja. \n<\/Br><\/Br>\nLegf\u0151bb c\u00e9lunk, hogy a r\u00e1nk b\u00edzott t\u00e1rsash\u00e1zak sz\u00e1m\u00e1ra nem csup\u00e1n a jogszer\u0171 m\u0171k\u00f6d\u00e9st, hanem kisz\u00e1m\u00edthat\u00f3, biztons\u00e1gos \u00e9s hossz\u00fa t\u00e1von fenntarthat\u00f3 gazd\u00e1lkod\u00e1st biztos\u00edtsunk, a tulajdonosi \u00e9rdekek marad\u00e9ktalan szem el\u0151tt tart\u00e1s\u00e1val.<\/div><\/div><\/div><\/div><\/div>                                            <\/div>\n                                        <\/div>\n                                    <\/div>\n\t\t\t\t\t\t\t\t\t                        <\/div>\n\n                    <\/div>\n                <\/div>\n\t\t\t\t                <div  class=\"wppb-row-parent  wppb-row-1710417595136 \"  >\n\t\t\t\t\t\n\t\t\t\t\t\t\t\t\t\t\n\t\t\t\t\t\t\t\t\t\t\n\t\t\t\t\t<div class=\"wppb-container \">\n\t\t\t\t\t\t\t\t\t\t\t\t\t\n                        <div class=\"wppb-row\">\n\t\t\t\t\t\t\t                                    <div  class=\"wppb-column-parent wppb-column-parent-view wppb-col-1710417595137  \"  >\n                                        <div class=\"wppb-column\">\n\t\t\t\t\t\n\t\t\t\t\t\t\t\t\t\t\t\n                                            <div class=\"wppb-builder-addons\">\n\t\t\t\t\t\t\t\t\t\t\t\t                                            <\/div>\n                                        <\/div>\n                                    <\/div>\n\t\t\t\t\t\t\t\t\t                        <\/div>\n\n                    <\/div>\n                <\/div>\n\t\t\t\t                <div  class=\"wppb-row-parent \"  >\n\t\t\t\t\t\n\t\t\t\t\t\t\t\t\t\t\n\t\t\t\t\t\t\t\t\t\t\n\t\t\t\t\t<div class=\"wppb-container  wppb-row-1767689592227  wppb-container-row-default\">\n\t\t\t\t\t\t\t\t\t\t\t\t\t\n                        <div class=\"wppb-row\">\n\t\t\t\t\t\t\t                                    <div  class=\"wppb-column-parent wppb-column-parent-view wppb-col-1767689592230  \"  >\n                                        <div class=\"wppb-column\">\n\t\t\t\t\t\n\t\t\t\t\t\t\t\t\t\t\t\n                                            <div class=\"wppb-builder-addons\">\n\t\t\t\t\t\t\t\t\t\t\t\t<div class='wppb-builder-addon wppb-addon-1767689592231'  data-addon-id='1767689592231'><div class='wppb-addon'><div class=\"wppb-feature-box-addon\"><div class=\"wppb-feature-box-content\"><h3 class=\"wppb-feature-box-title\">Referenci\u00e1k \/ Kezelt h\u00e1zaink<\/h3><div class=\"wppb-feature-box-intro\">\u00dajpesten jelent\u0151s sz\u00e1m\u00fa, k\u00fcl\u00f6nb\u00f6z\u0151 m\u00e9ret\u0171 t\u00e1rsash\u00e1z b\u00edzta meg c\u00e9g\u00fcnket k\u00f6z\u00f6s k\u00e9pviselet\u00fck ell\u00e1t\u00e1s\u00e1val \u2013 a kisebb, f\u00f6ldszintes h\u00e1zakt\u00f3l kezdve a t\u00f6bb, mint sz\u00e1z lak\u00e1sos t\u00e1rsash\u00e1zakig.\n<\/Br><\/Br>\nAz al\u00e1bbiakban n\u00e9h\u00e1ny olyan \u00fajpesti t\u00e1rsash\u00e1z c\u00edm\u00e9t t\u00fcntetj\u00fck fel, amelyek k\u00f6z\u00f6s k\u00e9pviselet\u00e9t c\u00e9g\u00fcnk l\u00e1tja el:\n<\/Br><\/Br>\n\n\u2022\tAmbrus Zolt\u00e1n u. 3.<\/Br>\n\u2022\t\u00c1rp\u00e1d \u00fat 67.<\/Br>\n\u2022\t\u00c1rp\u00e1d \u00fat 109.<\/Br>\n\u2022\tBercs\u00e9nyi u. 1-11.<\/Br>\n\u2022\tBlaha Lujza u. 34.<\/Br>\n\u2022\tG\u00f6rgey Art\u00far u. 65-67. <\/Br>\n\u2022\tHargita u. 2-4.<\/Br>\n\u2022\tIzz\u00f3 u. 1-5.<\/Br>\n\u2022\tJ\u00f3zsef Attila u. 76-80.<\/Br>\n\u2022\tK\u00e1rolyi Istv\u00e1n u. 34.<\/Br>\n\u2022\tLakkoz\u00f3 u. 56-60.<\/Br>\n\u2022\tMegyeri \u00fat 202-208., S\u00e1rpatak u. 2-4.<\/Br>\n\u2022\tSzabolcska Mih\u00e1ly u. 46-64.<\/Br>\n\u2022\tSzigeti J\u00f3zsef u. 5-9.<\/Br>\n\u2022\tSz\u00edjgy\u00e1rt\u00f3 u. 1-7., B\u0151r\u00f6nd\u00f6s u. 32-34., Lakkoz\u00f3 u. 25.<\/Br>\n\u2022\tT\u00f3falva u. 6. A\/B<\/Br>\n<\/div><\/div><\/div><\/div><\/div>                                            <\/div>\n                                        <\/div>\n                                    <\/div>\n\t\t\t\t\t\t\t\t\t                                    <div  class=\"wppb-column-parent wppb-column-parent-view wppb-col-1767689592236  \"  >\n                                        <div class=\"wppb-column\">\n\t\t\t\t\t\n\t\t\t\t\t\t\t\t\t\t\t\n                                            <div class=\"wppb-builder-addons\">\n\t\t\t\t\t\t\t\t\t\t\t\t<div class='wppb-builder-addon wppb-addon-1767689592237'  data-addon-id='1767689592237'><div class='wppb-addon'><div class=\"wppb-image-addon\"><figure class=\"wppb-image-addon-content-wrap\"><div class=\"wppb-image-addon-content wppb-imginlineblock\"><img decoding=\"async\" class=\"wppb-image-addon-img\" src=\"https:\/\/uvzrt.hu\/wp-content\/uploads\/2021\/06\/uvzrtW1.jpg\" alt=\"Image\"><\/div><\/figure><\/div><\/div><\/div>                                            <\/div>\n                                        <\/div>\n                                    <\/div>\n\t\t\t\t\t\t\t\t\t                        <\/div>\n\n                    <\/div>\n                <\/div>\n\t\t\t\t                <div  class=\"wppb-row-parent  wppb-row-1767689592333 \"  >\n\t\t\t\t\t\n\t\t\t\t\t\t\t\t\t\t\n\t\t\t\t\t\t\t\t\t\t\n\t\t\t\t\t<div class=\"wppb-container \">\n\t\t\t\t\t\t\t\t\t\t\t\t\t\n                        <div class=\"wppb-row\">\n\t\t\t\t\t\t\t                                    <div  class=\"wppb-column-parent wppb-column-parent-view wppb-col-1767689592332  \"  >\n                                        <div class=\"wppb-column\">\n\t\t\t\t\t\n\t\t\t\t\t\t\t\t\t\t\t\n                                            <div class=\"wppb-builder-addons\">\n\t\t\t\t\t\t\t\t\t\t\t\t                                            <\/div>\n                                        <\/div>\n                                    <\/div>\n\t\t\t\t\t\t\t\t\t                        <\/div>\n\n                    <\/div>\n                <\/div>\n\t\t\t\t                <div  class=\"wppb-row-parent  wppb-row-1767689592726 \"  >\n\t\t\t\t\t\n\t\t\t\t\t\t\t\t\t\t\n\t\t\t\t\t\t\t\t\t\t\n\t\t\t\t\t<div class=\"wppb-container \">\n\t\t\t\t\t\t\t\t\t\t\t\t\t\n                        <div class=\"wppb-row\">\n\t\t\t\t\t\t\t                                    <div  class=\"wppb-column-parent wppb-column-parent-view wppb-col-1767689592727  \"  >\n                                        <div class=\"wppb-column\">\n\t\t\t\t\t\n\t\t\t\t\t\t\t\t\t\t\t\n                                            <div class=\"wppb-builder-addons\">\n\t\t\t\t\t\t\t\t\t\t\t\t<div class='wppb-builder-addon wppb-widget-1767695941079 wppb-addon-1767695941079'  data-addon-id='1767695941079'><div class='wppb-widget'>\t\t\t<div class=\"textwidget\"><h2>Kapcsolat<\/h2>\n<\/div>\n\t\t<\/div><\/div>                                            <\/div>\n                                        <\/div>\n                                    <\/div>\n\t\t\t\t\t\t\t\t\t                        <\/div>\n\n                    <\/div>\n                <\/div>\n\t\t\t\t                <div  class=\"wppb-row-parent  wppb-row-1767689592350 \"  >\n\t\t\t\t\t\n\t\t\t\t\t\t\t\t\t\t\n\t\t\t\t\t\t\t\t\t\t\n\t\t\t\t\t<div class=\"wppb-container \">\n\t\t\t\t\t\t\t\t\t\t\t\t\t\n                        <div class=\"wppb-row\">\n\t\t\t\t\t\t\t                                    <div  class=\"wppb-column-parent wppb-column-parent-view wppb-col-1767689592351  \"  >\n                                        <div class=\"wppb-column\">\n\t\t\t\t\t\n\t\t\t\t\t\t\t\t\t\t\t\n                                            <div class=\"wppb-builder-addons\">\n\t\t\t\t\t\t\t\t\t\t\t\t<div class='wppb-builder-addon wppb-addon-1767689592352'  data-addon-id='1767689592352'><div class='wppb-addon'><div class=\"wppb-feature-box-addon\"><div class=\"wppb-feature-box-content\"><h3 class=\"wppb-feature-box-title\">Aj\u00e1nlatk\u00e9r\u00e9s:<\/h3><h4 class=\"wppb-feature-box-subtitle\">Simond\u00e1n Bence<\/h4><div class=\"wppb-feature-box-intro\">K\u00e9pviseleti oszt\u00e1lyvezet\u0151<\/Br>\nsimondan.bence@uvzrt.hu<\/div><\/div><\/div><\/div><\/div>                                            <\/div>\n                                        <\/div>\n                                    <\/div>\n\t\t\t\t\t\t\t\t\t                                    <div  class=\"wppb-column-parent wppb-column-parent-view wppb-col-1767689592353  \"  >\n                                        <div class=\"wppb-column\">\n\t\t\t\t\t\n\t\t\t\t\t\t\t\t\t\t\t\n                                            <div class=\"wppb-builder-addons\">\n\t\t\t\t\t\t\t\t\t\t\t\t                                            <\/div>\n                                        <\/div>\n                                    <\/div>\n\t\t\t\t\t\t\t\t\t                        <\/div>\n\n                    <\/div>\n                <\/div>\n\t\t\t\t                <div  class=\"wppb-row-parent  wppb-row-1767689592348 \"  >\n\t\t\t\t\t\n\t\t\t\t\t\t\t\t\t\t\n\t\t\t\t\t\t\t\t\t\t\n\t\t\t\t\t<div class=\"wppb-container \">\n\t\t\t\t\t\t\t\t\t\t\t\t\t\n                        <div class=\"wppb-row\">\n\t\t\t\t\t\t\t                                    <div  class=\"wppb-column-parent wppb-column-parent-view wppb-col-1767689592349  \"  >\n                                        <div class=\"wppb-column\">\n\t\t\t\t\t\n\t\t\t\t\t\t\t\t\t\t\t\n                                            <div class=\"wppb-builder-addons\">\n\t\t\t\t\t\t\t\t\t\t\t\t                                            <\/div>\n                                        <\/div>\n                                    <\/div>\n\t\t\t\t\t\t\t\t\t                        <\/div>\n\n                    <\/div>\n                <\/div>\n\t\t\t\t                <div  class=\"wppb-row-parent  wppb-row-1767689592359 \"  >\n\t\t\t\t\t\n\t\t\t\t\t\t\t\t\t\t\n\t\t\t\t\t\t\t\t\t\t\n\t\t\t\t\t<div class=\"wppb-container \">\n\t\t\t\t\t\t\t\t\t\t\t\t\t\n                        <div class=\"wppb-row\">\n\t\t\t\t\t\t\t                                    <div  class=\"wppb-column-parent wppb-column-parent-view wppb-col-1767689592360  \"  >\n                                        <div class=\"wppb-column\">\n\t\t\t\t\t\n\t\t\t\t\t\t\t\t\t\t\t\n                                            <div class=\"wppb-builder-addons\">\n\t\t\t\t\t\t\t\t\t\t\t\t<div class='wppb-builder-addon wppb-addon-1767689592361'  data-addon-id='1767689592361'><div class='wppb-addon'><div class=\"wppb-feature-box-addon\"><div class=\"wppb-feature-box-content\"><h3 class=\"wppb-feature-box-title\">K\u00f6z\u00f6s k\u00e9pviselet:<\/h3><h4 class=\"wppb-feature-box-subtitle\">M\u00e1rkusn\u00e9 Brandlhofer Katalin <\/h4><div class=\"wppb-feature-box-intro\">+36 70 796 8390\nkozoskepviselo.markusne@uvzrt.hu\t<\/div><\/div><\/div><\/div><\/div>                                            <\/div>\n                                        <\/div>\n                                    <\/div>\n\t\t\t\t\t\t\t\t\t                                    <div  class=\"wppb-column-parent wppb-column-parent-view wppb-col-1767689592362  \"  >\n                                        <div class=\"wppb-column\">\n\t\t\t\t\t\n\t\t\t\t\t\t\t\t\t\t\t\n                                            <div class=\"wppb-builder-addons\">\n\t\t\t\t\t\t\t\t\t\t\t\t<div class='wppb-builder-addon wppb-addon-1767689592363'  data-addon-id='1767689592363'><div class='wppb-addon'><div class=\"wppb-feature-box-addon\"><div class=\"wppb-feature-box-content\"><h3 class=\"wppb-feature-box-title\">K\u00f6z\u00f6s k\u00e9pviselet:<\/h3><h4 class=\"wppb-feature-box-subtitle\">Pap Erika<\/h4><div class=\"wppb-feature-box-intro\"> +36 70 383 3404\nkozoskepviselo.paperika@uvzrt.hu<\/div><\/div><\/div><\/div><\/div>                                            <\/div>\n                                        <\/div>\n                                    <\/div>\n\t\t\t\t\t\t\t\t\t                        <\/div>\n\n                    <\/div>\n                <\/div>\n\t\t\t\t<\/div>","protected":false},"excerpt":{"rendered":"<p>R\u00f3lunkC\u00e9g\u00fcnk k\u00f6z\u00f6s k\u00e9pviseleti tev\u00e9kenys\u00e9g\u00e9t sz\u00e1mos, szakir\u00e1ny\u00fa v\u00e9gzetts\u00e9ggel rendelkez\u0151, t\u00f6bb \u00e9vtizedes tapasztalattal b\u00edr\u00f3 t\u00e1rsash\u00e1zkezel\u0151kb\u0151l \u00e1ll\u00f3 csapat l\u00e1tja el. Munk\u00e1nk sor\u00e1n kiemelt figyelmet ford\u00edtunk arra, hogy a t\u00e1rsash\u00e1zi \u00fcgyek minden esetben jogszer\u0171en, \u00e1tl\u00e1that\u00f3an \u00e9s magas szakmai sz\u00ednvonalon ker\u00fcljenek elv\u00e9gz\u00e9sre. Az \u00e9vek sor\u00e1n sz\u00e1mos olyan t\u00e1rsash\u00e1z k\u00f6z\u00f6s k\u00e9pviselet\u00e9t vett\u00fck \u00e1t, amelyek m\u00e1r jelent\u0151s m\u0171k\u00f6d\u00e9si \u00e9s gazd\u00e1lkod\u00e1si probl\u00e9m\u00e1kkal terhelten [&hellip;]<\/p>\n","protected":false},"author":1,"featured_media":0,"parent":0,"menu_order":0,"comment_status":"closed","ping_status":"closed","template":"","meta":{"footnotes":""},"class_list":["post-1673","page","type-page","status-publish","hentry"],"_links":{"self":[{"href":"https:\/\/uvzrt.hu\/index.php\/wp-json\/wp\/v2\/pages\/1673","targetHints":{"allow":["GET"]}}],"collection":[{"href":"https:\/\/uvzrt.hu\/index.php\/wp-json\/wp\/v2\/pages"}],"about":[{"href":"https:\/\/uvzrt.hu\/index.php\/wp-json\/wp\/v2\/types\/page"}],"author":[{"embeddable":true,"href":"https:\/\/uvzrt.hu\/index.php\/wp-json\/wp\/v2\/users\/1"}],"replies":[{"embeddable":true,"href":"https:\/\/uvzrt.hu\/index.php\/wp-json\/wp\/v2\/comments?post=1673"}],"version-history":[{"count":1,"href":"https:\/\/uvzrt.hu\/index.php\/wp-json\/wp\/v2\/pages\/1673\/revisions"}],"predecessor-version":[{"id":1675,"href":"https:\/\/uvzrt.hu\/index.php\/wp-json\/wp\/v2\/pages\/1673\/revisions\/1675"}],"wp:attachment":[{"href":"https:\/\/uvzrt.hu\/index.php\/wp-json\/wp\/v2\/media?parent=1673"}],"curies":[{"name":"wp","href":"https:\/\/api.w.org\/{rel}","templated":true}]}}